{"id":9031,"date":"2020-02-20T13:52:02","date_gmt":"2020-02-20T10:52:02","guid":{"rendered":"https:\/\/www.isoff.org.tr\/cerez-politikasi\/"},"modified":"2020-03-17T11:22:11","modified_gmt":"2020-03-17T08:22:11","slug":"cookie-policy","status":"publish","type":"page","link":"https:\/\/www.isoff.org.tr\/en\/cookie-policy\/","title":{"rendered":"Cookie Policy"},"content":{"rendered":"\t\t<div data-elementor-type=\"wp-page\" data-elementor-id=\"9031\" class=\"elementor elementor-9031 elementor-7442\">\n\t\t\t\t\t\t<section class=\"elementor-section elementor-top-section elementor-element elementor-element-21a408a elementor-section-boxed elementor-section-height-default elementor-section-height-default\" data-id=\"21a408a\" data-element_type=\"section\">\n\t\t\t\t\t\t<div class=\"elementor-container elementor-column-gap-default\">\n\t\t\t\t\t<div class=\"elementor-column elementor-col-100 elementor-top-column elementor-element elementor-element-793123f\" data-id=\"793123f\" data-element_type=\"column\">\n\t\t\t<div class=\"elementor-widget-wrap elementor-element-populated\">\n\t\t\t\t\t\t<div class=\"elementor-element elementor-element-bdd72fc elementor-widget elementor-widget-heading\" data-id=\"bdd72fc\" data-element_type=\"widget\" data-widget_type=\"heading.default\">\n\t\t\t\t<div class=\"elementor-widget-container\">\n\t\t\t<h2 class=\"elementor-heading-title elementor-size-default\">Cookie Policy<\/h2>\t\t<\/div>\n\t\t\t\t<\/div>\n\t\t\t\t<div class=\"elementor-element elementor-element-430eb50 elementor-widget elementor-widget-text-editor\" data-id=\"430eb50\" data-element_type=\"widget\" data-widget_type=\"text-editor.default\">\n\t\t\t\t<div class=\"elementor-widget-container\">\n\t\t\t        <div class=\"elementor-text-editor elementor-clearfix\"><p>We would like to inform you about cookie types on our website, cookie usage purpose and settings, management and deletion of these cookies.<\/p><p><span style=\"font-size: 1rem;\">You can visit our website without providing any personal information and you can meet your need by learning about our products and services. We are using a certain cookie to collect website usage information during visits. Our purpose here is to ensure easier use for our website visitors and to offer better operation.<\/span><\/p><\/div>\n        \t\t<\/div>\n\t\t\t\t<\/div>\n\t\t\t\t<div class=\"elementor-element elementor-element-eda4539 elementor-widget elementor-widget-heading\" data-id=\"eda4539\" data-element_type=\"widget\" data-widget_type=\"heading.default\">\n\t\t\t\t<div class=\"elementor-widget-container\">\n\t\t\t<h4 class=\"elementor-heading-title elementor-size-default\">What Is Cookie?<\/h4>\t\t<\/div>\n\t\t\t\t<\/div>\n\t\t\t\t<div class=\"elementor-element elementor-element-1b13453 elementor-widget elementor-widget-text-editor\" data-id=\"1b13453\" data-element_type=\"widget\" data-widget_type=\"text-editor.default\">\n\t\t\t\t<div class=\"elementor-widget-container\">\n\t\t\t        <div class=\"elementor-text-editor elementor-clearfix\"><p>A cookie is a small text file recorded on your computer or mobile device when you visit a website via your browser. Cookies enable more efficient website operation as well as offering personalised pages for the more suitable and faster visiting experience. Cookies only contain information about your past visits in the online environment and do not collect any information about any stored files on your computer or mobile device.<\/p><\/div>\n        \t\t<\/div>\n\t\t\t\t<\/div>\n\t\t\t\t<div class=\"elementor-element elementor-element-2c1e116 elementor-widget elementor-widget-heading\" data-id=\"2c1e116\" data-element_type=\"widget\" data-widget_type=\"heading.default\">\n\t\t\t\t<div class=\"elementor-widget-container\">\n\t\t\t<h4 class=\"elementor-heading-title elementor-size-default\">Cookie Types and Usage Purpose<\/h4>\t\t<\/div>\n\t\t\t\t<\/div>\n\t\t\t\t<div class=\"elementor-element elementor-element-07937e7 elementor-widget elementor-widget-text-editor\" data-id=\"07937e7\" data-element_type=\"widget\" data-widget_type=\"text-editor.default\">\n\t\t\t\t<div class=\"elementor-widget-container\">\n\t\t\t        <div class=\"elementor-text-editor elementor-clearfix\"><p>Based on the validity period, there are two types of cookies as Permanent Cookie and Temporary Cookie. Temporary cookies are generated when you are visiting a website and valid until you close your browser. Permanent cookies are generated when you visit a website and stay there until you delete them or they expire. Permanent cookies are used to offer a personalised experience in line with your settings.<\/p><p>Cookie types and usage purposes are explained below.<\/p><\/div>\n        \t\t<\/div>\n\t\t\t\t<\/div>\n\t\t\t\t<div class=\"elementor-element elementor-element-31e7739 elementor-widget elementor-widget-opal-table\" data-id=\"31e7739\" data-element_type=\"widget\" data-settings=\"{&quot;table_responsive&quot;:&quot;yes&quot;}\" data-widget_type=\"opal-table.default\">\n\t\t\t\t<div class=\"elementor-widget-container\">\n\t\t\t\n        <div class=\"opal-table-wrap opal-table-responsive\">\n                        <table class=\"opal-table\" data-settings=\"{&quot;sort&quot;:false,&quot;sortMob&quot;:false,&quot;search&quot;:false,&quot;dataType&quot;:&quot;custom&quot;,&quot;csvFile&quot;:&quot;&quot;}\">\n\n                \n        <thead class=\"opal-table-head\">\n\n        <tr class=\"opal-table-row\">\n\n            \n        <\/tr>\n\n        <\/thead>\n\n                    \n        <tbody class=\"opal-table-body\">\n                <tr class=\"opal-table-row elementor-repeater-item-73ad14c\"><th class=\"opal-table-cell elementor-repeater-item-2ea6f3e\" id=\"2ea6f3e\"><span class=\"opal-table-text\"><span class=\"opal-table-inner\">Mandatory Cookies<\/span><\/span><\/span><\/th><td class=\"opal-table-cell elementor-repeater-item-d5fc071\" id=\"d5fc071\" colspan=\"10\"><span class=\"opal-table-text\"><span class=\"opal-table-inner\">Using certain cookies is mandatory for correct website operation. For example, mandatory cookies are used for identity verification, maintaining your information about your current session. These cookies are used for security and validity purposes and are not used for any marketing purposes.<\/span><\/span><\/span><\/td><\/tr><tr class=\"opal-table-row elementor-repeater-item-0084464\"><td class=\"opal-table-cell elementor-repeater-item-b561fc8\" id=\"b561fc8\"><span class=\"opal-table-text\"><span class=\"opal-table-inner\">Cookies Required for Functionality<\/span><\/span><\/span><\/td><td class=\"opal-table-cell elementor-repeater-item-2bdb493\" id=\"2bdb493\"><span class=\"opal-table-text\"><span class=\"opal-table-inner\">These are cookies that enable remembering user preferences during the website visit. For example, they can remember the language preference or text font. If you do not permit these cookies, you might not use a special property to you and prevent remembering your preferences.<\/span><\/span><\/span><\/td><\/tr><tr class=\"opal-table-row elementor-repeater-item-bba5dc4\"><td class=\"opal-table-cell elementor-repeater-item-3565ce1\" id=\"3565ce1\"><span class=\"opal-table-text\"><span class=\"opal-table-inner\">Cookies Required for Performance and Analysis<\/span><\/span><\/span><\/td><td class=\"opal-table-cell elementor-repeater-item-dd3fc9c\" id=\"dd3fc9c\"><span class=\"opal-table-text\"><span class=\"opal-table-inner\">These are the cookies required to improve our website. These types of cookies collect information about website use of the visitors, audit whether the website is working and to detect the collected errors.<\/span><\/span><\/span><\/td><\/tr><tr class=\"opal-table-row elementor-repeater-item-12b1278\"><td class=\"opal-table-cell elementor-repeater-item-3ff953e\" id=\"3ff953e\"><span class=\"opal-table-text\"><span class=\"opal-table-inner\">Targeting and Advertisement Cookies<\/span><\/span><\/span><\/td><td class=\"opal-table-cell elementor-repeater-item-35e51c3\" id=\"35e51c3\"><span class=\"opal-table-text\"><span class=\"opal-table-inner\">These cookies are used for product and service promotion on our website and on other environments, show related and personalised advertisement with our partners and to measure the effectiveness of advertisement campaigns.<\/span><\/span><\/span><\/td>        <\/tr>\n        <\/tbody>\n\n    \n            <\/table>\n        <\/div>\n\n    \t\t<\/div>\n\t\t\t\t<\/div>\n\t\t\t\t<div class=\"elementor-element elementor-element-34868cd elementor-widget elementor-widget-heading\" data-id=\"34868cd\" data-element_type=\"widget\" data-widget_type=\"heading.default\">\n\t\t\t\t<div class=\"elementor-widget-container\">\n\t\t\t<h4 class=\"elementor-heading-title elementor-size-default\">How Are Cookies Collected?<\/h4>\t\t<\/div>\n\t\t\t\t<\/div>\n\t\t\t\t<div class=\"elementor-element elementor-element-a9c43fd elementor-widget elementor-widget-text-editor\" data-id=\"a9c43fd\" data-element_type=\"widget\" data-widget_type=\"text-editor.default\">\n\t\t\t\t<div class=\"elementor-widget-container\">\n\t\t\t        <div class=\"elementor-text-editor elementor-clearfix\">Data are collected with devices you access to browsers. All these collected information are device-specific. If needed, these cookies can be deleted by the user and the access can be denied.<\/div>\n        \t\t<\/div>\n\t\t\t\t<\/div>\n\t\t\t\t<div class=\"elementor-element elementor-element-b84f508 elementor-widget elementor-widget-heading\" data-id=\"b84f508\" data-element_type=\"widget\" data-widget_type=\"heading.default\">\n\t\t\t\t<div class=\"elementor-widget-container\">\n\t\t\t<h4 class=\"elementor-heading-title elementor-size-default\">Our Privacy Policy<\/h4>\t\t<\/div>\n\t\t\t\t<\/div>\n\t\t\t\t<div class=\"elementor-element elementor-element-72715d2 elementor-widget elementor-widget-text-editor\" data-id=\"72715d2\" data-element_type=\"widget\" data-widget_type=\"text-editor.default\">\n\t\t\t\t<div class=\"elementor-widget-container\">\n\t\t\t        <div class=\"elementor-text-editor elementor-clearfix\">Your privacy is important for us and your privacy and security rights are our fundamental principles. To protect the personal data of our customers, our bank took the necessary precautions by keeping the system and internet infrastructure at the most secure level.\n\nWithin this scope, you can view our clarification text on the protection of personal data from here.<\/div>\n        \t\t<\/div>\n\t\t\t\t<\/div>\n\t\t\t\t<div class=\"elementor-element elementor-element-dc68836 elementor-widget elementor-widget-heading\" data-id=\"dc68836\" data-element_type=\"widget\" data-widget_type=\"heading.default\">\n\t\t\t\t<div class=\"elementor-widget-container\">\n\t\t\t<h4 class=\"elementor-heading-title elementor-size-default\">How can you control the cookies?<\/h4>\t\t<\/div>\n\t\t\t\t<\/div>\n\t\t\t\t<div class=\"elementor-element elementor-element-b3e62b4 elementor-widget elementor-widget-text-editor\" data-id=\"b3e62b4\" data-element_type=\"widget\" data-widget_type=\"text-editor.default\">\n\t\t\t\t<div class=\"elementor-widget-container\">\n\t\t\t        <div class=\"elementor-text-editor elementor-clearfix\"><p>You can delete the existing cookies on your computer and prevent cookie storing\/placement on your web browser.<\/p><p>Your internet browsers automatically and by default accept cookies. Since cookies are managed differently on different browsers, you can check your browser or application helpdesk to learn more.<\/p><p>For example.<br \/>You can manage cookies from \u201cGoogle Chrome -&gt; Settings -&gt; Advanced -&gt; Privacy and Security -&gt; Website Settings -&gt; Cookies and Website Data -&gt; Permit websites to store and read cookie data\u201d.<\/p><p>You can also use \u201cInternet Explorer -&gt; Settings -&gt; Internet Options -&gt; Privacy -&gt; Advanced Settings\u201d menu.<\/p><p>Majority of internet browsers allow the following:<\/p><p>View recorded cookies and delete any cookie.<br \/>Prevent third-party cookies<br \/>Prevent cookies from certain websites<br \/>Prevent all cookies<br \/>Delete all cookies when the internet browser is closed<br \/>If you opt for deleting the cookies, your related website preferences will be deleted. Additionally, if you opt for blocking the cookies entirely, various websites and digital platforms might not function properly.<\/p><p>To Check Mobile Device Cookies:<\/p><p>On Apple Devices<\/p><p>You can clean your search history and cookies from \u201cSettings -&gt; Safari -&gt; Delete History and Website Data\u201d.<br \/>If you want to delete cookies and keep your history, you can follow \u201cSettings -&gt; Safari -&gt; Advanced -&gt; Website Data -&gt; Select All Website Data\u201d.<br \/>If you don\u2019t want your past data to be stored when you are visiting a website,<br \/>you can activate private browsing from \u201cSafari -&gt; Symbol symbol -&gt; Private -&gt; Completed\u201d.<br \/>You can block the cookies from \u201cSettings -&gt; Safari -&gt; Block All Cookies\u201d steps. But when you block the cookies, some website and properties might not function properly.<br \/>On Android Devices:<\/p><p>You can clean cookies from \u201cChrome application -&gt; Settings -&gt; Privacy -&gt; Delete browsing data -&gt; Delete cookies, media licences and website data -&gt; Delete Data\u201d.<br \/>You can allow or block cookies from \u201cChrome Application -&gt; Settings -&gt; Website Settings -&gt; Cookies\u201d.<\/p><\/div>\n        \t\t<\/div>\n\t\t\t\t<\/div>\n\t\t\t\t\t<\/div>\n\t\t<\/div>\n\t\t\t\t\t<\/div>\n\t\t<\/section>\n\t\t\t\t<\/div>\n\t\t","protected":false},"excerpt":{"rendered":"<p>Cookie Policy We would like to inform you about cookie types on our website, cookie usage purpose and settings, management and deletion of these cookies. You can visit our website&hellip; <\/p>\n<p class=\"link-more\"><a href=\"https:\/\/www.isoff.org.tr\/en\/cookie-policy\/\" class=\"more-link\">Read More <span class=\"screen-reader-text\"> &#8220;Cookie Policy&#8221;<\/span><\/a><\/p>\n","protected":false},"author":1,"featured_media":0,"parent":0,"menu_order":0,"comment_status":"closed","ping_status":"closed","template":"","meta":{"footnotes":""},"yoast_head":"<!-- This site is optimized with the Yoast SEO plugin v18.1 - https:\/\/yoast.com\/wordpress\/plugins\/seo\/ -->\n<title>Cookie Policy - \u0130SOFF<\/title>\n<meta name=\"robots\" content=\"index, follow, max-snippet:-1, max-image-preview:large, max-video-preview:-1\" \/>\n<link rel=\"canonical\" href=\"https:\/\/www.isoff.org.tr\/en\/cookie-policy\/\" \/>\n<meta property=\"og:locale\" content=\"en_US\" \/>\n<meta property=\"og:type\" content=\"article\" \/>\n<meta property=\"og:title\" content=\"Cookie Policy - \u0130SOFF\" \/>\n<meta property=\"og:description\" content=\"Cookie Policy We would like to inform you about cookie types on our website, cookie usage purpose and settings, management and deletion of these cookies. You can visit our website&hellip; Read More &quot;Cookie Policy&quot;\" \/>\n<meta property=\"og:url\" content=\"https:\/\/www.isoff.org.tr\/en\/cookie-policy\/\" \/>\n<meta property=\"og:site_name\" content=\"\u0130SOFF\" \/>\n<meta property=\"article:modified_time\" content=\"2020-03-17T08:22:11+00:00\" \/>\n<meta name=\"twitter:card\" content=\"summary_large_image\" \/>\n<meta name=\"twitter:label1\" content=\"Est. reading time\" \/>\n\t<meta name=\"twitter:data1\" content=\"4 minutes\" \/>\n<script type=\"application\/ld+json\" class=\"yoast-schema-graph\">{\"@context\":\"https:\/\/schema.org\",\"@graph\":[{\"@type\":\"WebSite\",\"@id\":\"https:\/\/www.isoff.org.tr\/#website\",\"url\":\"https:\/\/www.isoff.org.tr\/\",\"name\":\"\u0130SOFF\",\"description\":\"\u0130stanbul Off-Road Kul\u00fcb\u00fc\",\"potentialAction\":[{\"@type\":\"SearchAction\",\"target\":{\"@type\":\"EntryPoint\",\"urlTemplate\":\"https:\/\/www.isoff.org.tr\/?s={search_term_string}\"},\"query-input\":\"required name=search_term_string\"}],\"inLanguage\":\"en-US\"},{\"@type\":\"WebPage\",\"@id\":\"https:\/\/www.isoff.org.tr\/en\/cookie-policy\/#webpage\",\"url\":\"https:\/\/www.isoff.org.tr\/en\/cookie-policy\/\",\"name\":\"Cookie Policy - \u0130SOFF\",\"isPartOf\":{\"@id\":\"https:\/\/www.isoff.org.tr\/#website\"},\"datePublished\":\"2020-02-20T10:52:02+00:00\",\"dateModified\":\"2020-03-17T08:22:11+00:00\",\"breadcrumb\":{\"@id\":\"https:\/\/www.isoff.org.tr\/en\/cookie-policy\/#breadcrumb\"},\"inLanguage\":\"en-US\",\"potentialAction\":[{\"@type\":\"ReadAction\",\"target\":[\"https:\/\/www.isoff.org.tr\/en\/cookie-policy\/\"]}]},{\"@type\":\"BreadcrumbList\",\"@id\":\"https:\/\/www.isoff.org.tr\/en\/cookie-policy\/#breadcrumb\",\"itemListElement\":[{\"@type\":\"ListItem\",\"position\":1,\"name\":\"Ana sayfa\",\"item\":\"https:\/\/www.isoff.org.tr\/en\/\"},{\"@type\":\"ListItem\",\"position\":2,\"name\":\"Cookie Policy\"}]}]}<\/script>\n<!-- \/ Yoast SEO plugin. -->","yoast_head_json":{"title":"Cookie Policy - \u0130SOFF","robots":{"index":"index","follow":"follow","max-snippet":"max-snippet:-1","max-image-preview":"max-image-preview:large","max-video-preview":"max-video-preview:-1"},"canonical":"https:\/\/www.isoff.org.tr\/en\/cookie-policy\/","og_locale":"en_US","og_type":"article","og_title":"Cookie Policy - \u0130SOFF","og_description":"Cookie Policy We would like to inform you about cookie types on our website, cookie usage purpose and settings, management and deletion of these cookies. You can visit our website&hellip; Read More \"Cookie Policy\"","og_url":"https:\/\/www.isoff.org.tr\/en\/cookie-policy\/","og_site_name":"\u0130SOFF","article_modified_time":"2020-03-17T08:22:11+00:00","twitter_card":"summary_large_image","twitter_misc":{"Est. reading time":"4 minutes"},"schema":{"@context":"https:\/\/schema.org","@graph":[{"@type":"WebSite","@id":"https:\/\/www.isoff.org.tr\/#website","url":"https:\/\/www.isoff.org.tr\/","name":"\u0130SOFF","description":"\u0130stanbul Off-Road Kul\u00fcb\u00fc","potentialAction":[{"@type":"SearchAction","target":{"@type":"EntryPoint","urlTemplate":"https:\/\/www.isoff.org.tr\/?s={search_term_string}"},"query-input":"required name=search_term_string"}],"inLanguage":"en-US"},{"@type":"WebPage","@id":"https:\/\/www.isoff.org.tr\/en\/cookie-policy\/#webpage","url":"https:\/\/www.isoff.org.tr\/en\/cookie-policy\/","name":"Cookie Policy - \u0130SOFF","isPartOf":{"@id":"https:\/\/www.isoff.org.tr\/#website"},"datePublished":"2020-02-20T10:52:02+00:00","dateModified":"2020-03-17T08:22:11+00:00","breadcrumb":{"@id":"https:\/\/www.isoff.org.tr\/en\/cookie-policy\/#breadcrumb"},"inLanguage":"en-US","potentialAction":[{"@type":"ReadAction","target":["https:\/\/www.isoff.org.tr\/en\/cookie-policy\/"]}]},{"@type":"BreadcrumbList","@id":"https:\/\/www.isoff.org.tr\/en\/cookie-policy\/#breadcrumb","itemListElement":[{"@type":"ListItem","position":1,"name":"Ana sayfa","item":"https:\/\/www.isoff.org.tr\/en\/"},{"@type":"ListItem","position":2,"name":"Cookie Policy"}]}]}},"_links":{"self":[{"href":"https:\/\/www.isoff.org.tr\/en\/wp-json\/wp\/v2\/pages\/9031"}],"collection":[{"href":"https:\/\/www.isoff.org.tr\/en\/wp-json\/wp\/v2\/pages"}],"about":[{"href":"https:\/\/www.isoff.org.tr\/en\/wp-json\/wp\/v2\/types\/page"}],"author":[{"embeddable":true,"href":"https:\/\/www.isoff.org.tr\/en\/wp-json\/wp\/v2\/users\/1"}],"replies":[{"embeddable":true,"href":"https:\/\/www.isoff.org.tr\/en\/wp-json\/wp\/v2\/comments?post=9031"}],"version-history":[{"count":5,"href":"https:\/\/www.isoff.org.tr\/en\/wp-json\/wp\/v2\/pages\/9031\/revisions"}],"predecessor-version":[{"id":9036,"href":"https:\/\/www.isoff.org.tr\/en\/wp-json\/wp\/v2\/pages\/9031\/revisions\/9036"}],"wp:attachment":[{"href":"https:\/\/www.isoff.org.tr\/en\/wp-json\/wp\/v2\/media?parent=9031"}],"curies":[{"name":"wp","href":"https:\/\/api.w.org\/{rel}","templated":true}]}}