{"id":9037,"date":"2020-02-04T14:46:04","date_gmt":"2020-02-04T14:46:04","guid":{"rendered":"https:\/\/www.isoff.org.tr\/gizlilik-politikasi\/"},"modified":"2020-03-17T11:31:25","modified_gmt":"2020-03-17T08:31:25","slug":"privacy-policy","status":"publish","type":"page","link":"https:\/\/www.isoff.org.tr\/en\/privacy-policy\/","title":{"rendered":"Privacy Policy"},"content":{"rendered":"\t\t<div data-elementor-type=\"wp-page\" data-elementor-id=\"9037\" class=\"elementor elementor-9037 elementor-3\">\n\t\t\t\t\t\t<section class=\"elementor-section elementor-top-section elementor-element elementor-element-40d3052 elementor-section-boxed elementor-section-height-default elementor-section-height-default\" data-id=\"40d3052\" data-element_type=\"section\">\n\t\t\t\t\t\t<div class=\"elementor-container elementor-column-gap-default\">\n\t\t\t\t\t<div class=\"elementor-column elementor-col-100 elementor-top-column elementor-element elementor-element-05a9be9\" data-id=\"05a9be9\" data-element_type=\"column\">\n\t\t\t<div class=\"elementor-widget-wrap elementor-element-populated\">\n\t\t\t\t\t\t<div class=\"elementor-element elementor-element-4b16ce1 elementor-widget elementor-widget-heading\" data-id=\"4b16ce1\" data-element_type=\"widget\" data-widget_type=\"heading.default\">\n\t\t\t\t<div class=\"elementor-widget-container\">\n\t\t\t<span class=\"sub-title\"><i class=\"opal-icon-decor-left\" aria-hidden=\"true\"><\/i><span>Last Update: 20 February 2020<\/span><i class=\"opal-icon-decor-right\" aria-hidden=\"true\"><\/i><\/span><h2 class=\"elementor-heading-title elementor-size-default\">Privacy Policy<\/h2>\t\t<\/div>\n\t\t\t\t<\/div>\n\t\t\t\t<div class=\"elementor-element elementor-element-17410b7 elementor-widget elementor-widget-heading\" data-id=\"17410b7\" data-element_type=\"widget\" data-widget_type=\"heading.default\">\n\t\t\t\t<div class=\"elementor-widget-container\">\n\t\t\t<h4 class=\"elementor-heading-title elementor-size-default\">1- Introduction<\/h4>\t\t<\/div>\n\t\t\t\t<\/div>\n\t\t\t\t<div class=\"elementor-element elementor-element-a6c0b0f elementor-widget elementor-widget-text-editor\" data-id=\"a6c0b0f\" data-element_type=\"widget\" data-widget_type=\"text-editor.default\">\n\t\t\t\t<div class=\"elementor-widget-container\">\n\t\t\t        <div class=\"elementor-text-editor elementor-clearfix\">As \u0130stanbul Off-Road Club Association, we care for your privacy and data security. Therefore, we prepared a Privacy Policy to clarify which data we collect, our purposes to collect data and your rights about your data. This Privacy Policy is only valid for https:\/\/www.isoff.org.tr (\u201cour website\u201d). If you do not accept this Privacy Policy, you must not continue to use our website.<\/div>\n        \t\t<\/div>\n\t\t\t\t<\/div>\n\t\t\t\t<div class=\"elementor-element elementor-element-23aef3a elementor-widget elementor-widget-heading\" data-id=\"23aef3a\" data-element_type=\"widget\" data-widget_type=\"heading.default\">\n\t\t\t\t<div class=\"elementor-widget-container\">\n\t\t\t<h4 class=\"elementor-heading-title elementor-size-default\">2- Links to Other Websites<\/h4>\t\t<\/div>\n\t\t\t\t<\/div>\n\t\t\t\t<div class=\"elementor-element elementor-element-e6bfd95 elementor-widget elementor-widget-text-editor\" data-id=\"e6bfd95\" data-element_type=\"widget\" data-widget_type=\"text-editor.default\">\n\t\t\t\t<div class=\"elementor-widget-container\">\n\t\t\t        <div class=\"elementor-text-editor elementor-clearfix\">Our website might contain links to third party websites ad this Privacy Policy does not apply to those third-party websites. We do not accept any responsibility regarding those websites. You must the ready privacy policy of the third-party websites before sharing your data with such websites.<\/div>\n        \t\t<\/div>\n\t\t\t\t<\/div>\n\t\t\t\t<div class=\"elementor-element elementor-element-cae7ccd elementor-widget elementor-widget-heading\" data-id=\"cae7ccd\" data-element_type=\"widget\" data-widget_type=\"heading.default\">\n\t\t\t\t<div class=\"elementor-widget-container\">\n\t\t\t<h4 class=\"elementor-heading-title elementor-size-default\">3- Collected Data<\/h4>\t\t<\/div>\n\t\t\t\t<\/div>\n\t\t\t\t<div class=\"elementor-element elementor-element-fa040c9 elementor-widget elementor-widget-text-editor\" data-id=\"fa040c9\" data-element_type=\"widget\" data-widget_type=\"text-editor.default\">\n\t\t\t\t<div class=\"elementor-widget-container\">\n\t\t\t        <div class=\"elementor-text-editor elementor-clearfix\">When you become a member of our website, you directly provide us with your data such as name, surname, username and e-mail.\nIf you opt for our newsletter, you directly provide us with your data such as name, surname and e-mail.\nWe are also collecting your IP address when you are commenting on the website content and during membership.\nWe are recording your mobile phone number with SMS verification send during profile page creation after setting your username on www.isoff.org.tr.<\/div>\n        \t\t<\/div>\n\t\t\t\t<\/div>\n\t\t\t\t<div class=\"elementor-element elementor-element-b83d209 elementor-widget elementor-widget-heading\" data-id=\"b83d209\" data-element_type=\"widget\" data-widget_type=\"heading.default\">\n\t\t\t\t<div class=\"elementor-widget-container\">\n\t\t\t<h4 class=\"elementor-heading-title elementor-size-default\">4- How Do We Use Collected Data?<\/h4>\t\t<\/div>\n\t\t\t\t<\/div>\n\t\t\t\t<div class=\"elementor-element elementor-element-93e85df elementor-widget elementor-widget-text-editor\" data-id=\"93e85df\" data-element_type=\"widget\" data-widget_type=\"text-editor.default\">\n\t\t\t\t<div class=\"elementor-widget-container\">\n\t\t\t        <div class=\"elementor-text-editor elementor-clearfix\">We are using the data you have directly provided us to send the newsletter, create your user account and sustain your user account. This usage has a legal foundation and necessary for making and executing an Agreement. Your IP address is collected and stored to comply with legal liabilities arising from Law No. 5651 Law on Organising Publications on Internet Environment and Fighting Against Crimes With These Publications.<\/div>\n        \t\t<\/div>\n\t\t\t\t<\/div>\n\t\t\t\t<div class=\"elementor-element elementor-element-abf65f4 elementor-widget elementor-widget-heading\" data-id=\"abf65f4\" data-element_type=\"widget\" data-widget_type=\"heading.default\">\n\t\t\t\t<div class=\"elementor-widget-container\">\n\t\t\t<h4 class=\"elementor-heading-title elementor-size-default\">5- How Long Do We Store Your Data?<\/h4>\t\t<\/div>\n\t\t\t\t<\/div>\n\t\t\t\t<div class=\"elementor-element elementor-element-11326a5 elementor-widget elementor-widget-text-editor\" data-id=\"11326a5\" data-element_type=\"widget\" data-widget_type=\"text-editor.default\">\n\t\t\t\t<div class=\"elementor-widget-container\">\n\t\t\t        <div class=\"elementor-text-editor elementor-clearfix\">We are storing your data directly shared with us when you create membership as long as you continue to be a member. You data directly provided when subscribed to our newsletter is stored on our system until you terminate your membership. Your IP address is stored on our system for 1 year.<\/div>\n        \t\t<\/div>\n\t\t\t\t<\/div>\n\t\t\t\t<div class=\"elementor-element elementor-element-fa423a2 elementor-widget elementor-widget-heading\" data-id=\"fa423a2\" data-element_type=\"widget\" data-widget_type=\"heading.default\">\n\t\t\t\t<div class=\"elementor-widget-container\">\n\t\t\t<h4 class=\"elementor-heading-title elementor-size-default\">6- Data Sharing<\/h4>\t\t<\/div>\n\t\t\t\t<\/div>\n\t\t\t\t<div class=\"elementor-element elementor-element-20f1116 elementor-widget elementor-widget-text-editor\" data-id=\"20f1116\" data-element_type=\"widget\" data-widget_type=\"text-editor.default\">\n\t\t\t\t<div class=\"elementor-widget-container\">\n\t\t\t        <div class=\"elementor-text-editor elementor-clearfix\">We do not share your data with 3rd parties except legally binding demands from official authorities and courts to undertake our legal liabilities.<\/div>\n        \t\t<\/div>\n\t\t\t\t<\/div>\n\t\t\t\t<div class=\"elementor-element elementor-element-9ceb638 elementor-widget elementor-widget-heading\" data-id=\"9ceb638\" data-element_type=\"widget\" data-widget_type=\"heading.default\">\n\t\t\t\t<div class=\"elementor-widget-container\">\n\t\t\t<h4 class=\"elementor-heading-title elementor-size-default\">7- Cookies<\/h4>\t\t<\/div>\n\t\t\t\t<\/div>\n\t\t\t\t<div class=\"elementor-element elementor-element-1fa62c0 elementor-widget elementor-widget-text-editor\" data-id=\"1fa62c0\" data-element_type=\"widget\" data-widget_type=\"text-editor.default\">\n\t\t\t\t<div class=\"elementor-widget-container\">\n\t\t\t        <div class=\"elementor-text-editor elementor-clearfix\">Cookies are simple text files embedded by websites on your browser to know your preferences and movements. We are only using cookies for interface improvements for your language selections. You can manage the cookies from browser settings.<\/div>\n        \t\t<\/div>\n\t\t\t\t<\/div>\n\t\t\t\t<div class=\"elementor-element elementor-element-525c369 elementor-widget elementor-widget-heading\" data-id=\"525c369\" data-element_type=\"widget\" data-widget_type=\"heading.default\">\n\t\t\t\t<div class=\"elementor-widget-container\">\n\t\t\t<h4 class=\"elementor-heading-title elementor-size-default\">8- Age Limit<\/h4>\t\t<\/div>\n\t\t\t\t<\/div>\n\t\t\t\t<div class=\"elementor-element elementor-element-f1530ce elementor-widget elementor-widget-text-editor\" data-id=\"f1530ce\" data-element_type=\"widget\" data-widget_type=\"text-editor.default\">\n\t\t\t\t<div class=\"elementor-widget-container\">\n\t\t\t        <div class=\"elementor-text-editor elementor-clearfix\">Our website aims for individuals over 18-years old and you must not use our website if you are not at least 18-years old. We will delete all personal data if we know about processing the personal data of individual under 18 years old.<\/div>\n        \t\t<\/div>\n\t\t\t\t<\/div>\n\t\t\t\t<div class=\"elementor-element elementor-element-0f596d4 elementor-widget elementor-widget-heading\" data-id=\"0f596d4\" data-element_type=\"widget\" data-widget_type=\"heading.default\">\n\t\t\t\t<div class=\"elementor-widget-container\">\n\t\t\t<h4 class=\"elementor-heading-title elementor-size-default\">9- Your Rights About Your Personal Data<\/h4>\t\t<\/div>\n\t\t\t\t<\/div>\n\t\t\t\t<div class=\"elementor-element elementor-element-5c6f43e elementor-widget elementor-widget-text-editor\" data-id=\"5c6f43e\" data-element_type=\"widget\" data-widget_type=\"text-editor.default\">\n\t\t\t\t<div class=\"elementor-widget-container\">\n\t\t\t        <div class=\"elementor-text-editor elementor-clearfix\"><p>You can use the rights disclosed below by sending an e-mail address to info@isoff.org.tr.<\/p><ul><li>You can learn whether your personal data is processed.<\/li><li>You have the right to demand information if your personal data is processed.<\/li><li>You have the right to learn the purpose to process your personal data and whether such data is used purposefully.<\/li><li>You have the right to learn the third parties domestically or internationally that your personal data are transferred.<\/li><li>You have the right to ask for correction of your personal data if such data is missing or incorrect.<\/li><li>You have the right to ask for deleting or destroying your personal data.<\/li><li>You have the right to notify third parties who has the right to access your personal data about correction, deletion or destruction of your personal data.<br \/>You have the right to object to any results to the detriment of you when processed data is exclusively analysed via automatic systems.<\/li><li>You have the right to demand compensations of the loss if you experience any losses due to illegal personal data processing.<\/li><li>You have the right to demand completely or partially terminating processing your personal data.<\/li><li>You have the right to demand ask a copy of your personal data in an electronic format and to transmit this to another person.<\/li><li>You have the right to object personal data processing at any time.<\/li><\/ul><\/div>\n        \t\t<\/div>\n\t\t\t\t<\/div>\n\t\t\t\t<div class=\"elementor-element elementor-element-6a4e704 elementor-widget elementor-widget-heading\" data-id=\"6a4e704\" data-element_type=\"widget\" data-widget_type=\"heading.default\">\n\t\t\t\t<div class=\"elementor-widget-container\">\n\t\t\t<h4 class=\"elementor-heading-title elementor-size-default\">10- Changes in Privacy Policy<\/h4>\t\t<\/div>\n\t\t\t\t<\/div>\n\t\t\t\t<div class=\"elementor-element elementor-element-eba02ac elementor-widget elementor-widget-text-editor\" data-id=\"eba02ac\" data-element_type=\"widget\" data-widget_type=\"text-editor.default\">\n\t\t\t\t<div class=\"elementor-widget-container\">\n\t\t\t        <div class=\"elementor-text-editor elementor-clearfix\">We can make changes in our Privacy Policy at all times. We will notify you about these changes.<\/div>\n        \t\t<\/div>\n\t\t\t\t<\/div>\n\t\t\t\t<div class=\"elementor-element elementor-element-aca23ed elementor-widget elementor-widget-heading\" data-id=\"aca23ed\" data-element_type=\"widget\" data-widget_type=\"heading.default\">\n\t\t\t\t<div class=\"elementor-widget-container\">\n\t\t\t<h4 class=\"elementor-heading-title elementor-size-default\">11- Contact Us<\/h4>\t\t<\/div>\n\t\t\t\t<\/div>\n\t\t\t\t<div class=\"elementor-element elementor-element-e4d3f1c elementor-widget elementor-widget-text-editor\" data-id=\"e4d3f1c\" data-element_type=\"widget\" data-widget_type=\"text-editor.default\">\n\t\t\t\t<div class=\"elementor-widget-container\">\n\t\t\t        <div class=\"elementor-text-editor elementor-clearfix\"><p>You can always contact us about your questions related to this Privacy Policy and your comments via info@isoff.org.tr or by using the mail address below.<\/p><p>Mail Address:<br \/><strong>\u0130STANBUL OFF-ROAD KUL\u00dcB\u00dc DERNE\u011e\u0130<\/strong><br \/>Maslak Mahallesi, A.O.S. Sitesi, 52.Sokak No:4 PK. 34485 Sar\u0131yer \/ \u0130stanbul, Turkey<\/p><\/div>\n        \t\t<\/div>\n\t\t\t\t<\/div>\n\t\t\t\t\t<\/div>\n\t\t<\/div>\n\t\t\t\t\t<\/div>\n\t\t<\/section>\n\t\t\t\t<\/div>\n\t\t","protected":false},"excerpt":{"rendered":"<p>Last Update: 20 February 2020 Privacy Policy 1- Introduction As \u0130stanbul Off-Road Club Association, we care for your privacy and data security. Therefore, we prepared a Privacy Policy to clarify&hellip; <\/p>\n<p class=\"link-more\"><a href=\"https:\/\/www.isoff.org.tr\/en\/privacy-policy\/\" class=\"more-link\">Read More <span class=\"screen-reader-text\"> &#8220;Privacy Policy&#8221;<\/span><\/a><\/p>\n","protected":false},"author":1,"featured_media":0,"parent":0,"menu_order":0,"comment_status":"closed","ping_status":"open","template":"","meta":{"footnotes":""},"yoast_head":"<!-- This site is optimized with the Yoast SEO plugin v18.1 - https:\/\/yoast.com\/wordpress\/plugins\/seo\/ -->\n<title>Privacy Policy - \u0130SOFF<\/title>\n<meta name=\"robots\" content=\"index, follow, max-snippet:-1, max-image-preview:large, max-video-preview:-1\" \/>\n<link rel=\"canonical\" href=\"https:\/\/www.isoff.org.tr\/en\/privacy-policy\/\" \/>\n<meta property=\"og:locale\" content=\"en_US\" \/>\n<meta property=\"og:type\" content=\"article\" \/>\n<meta property=\"og:title\" content=\"Privacy Policy - \u0130SOFF\" \/>\n<meta property=\"og:description\" content=\"Last Update: 20 February 2020 Privacy Policy 1- Introduction As \u0130stanbul Off-Road Club Association, we care for your privacy and data security. Therefore, we prepared a Privacy Policy to clarify&hellip; Read More &quot;Privacy Policy&quot;\" \/>\n<meta property=\"og:url\" content=\"https:\/\/www.isoff.org.tr\/en\/privacy-policy\/\" \/>\n<meta property=\"og:site_name\" content=\"\u0130SOFF\" \/>\n<meta property=\"article:modified_time\" content=\"2020-03-17T08:31:25+00:00\" \/>\n<meta name=\"twitter:card\" content=\"summary_large_image\" \/>\n<meta name=\"twitter:label1\" content=\"Est. reading time\" \/>\n\t<meta name=\"twitter:data1\" content=\"4 minutes\" \/>\n<script type=\"application\/ld+json\" class=\"yoast-schema-graph\">{\"@context\":\"https:\/\/schema.org\",\"@graph\":[{\"@type\":\"WebSite\",\"@id\":\"https:\/\/www.isoff.org.tr\/#website\",\"url\":\"https:\/\/www.isoff.org.tr\/\",\"name\":\"\u0130SOFF\",\"description\":\"\u0130stanbul Off-Road Kul\u00fcb\u00fc\",\"potentialAction\":[{\"@type\":\"SearchAction\",\"target\":{\"@type\":\"EntryPoint\",\"urlTemplate\":\"https:\/\/www.isoff.org.tr\/?s={search_term_string}\"},\"query-input\":\"required name=search_term_string\"}],\"inLanguage\":\"en-US\"},{\"@type\":\"WebPage\",\"@id\":\"https:\/\/www.isoff.org.tr\/en\/privacy-policy\/#webpage\",\"url\":\"https:\/\/www.isoff.org.tr\/en\/privacy-policy\/\",\"name\":\"Privacy Policy - \u0130SOFF\",\"isPartOf\":{\"@id\":\"https:\/\/www.isoff.org.tr\/#website\"},\"datePublished\":\"2020-02-04T14:46:04+00:00\",\"dateModified\":\"2020-03-17T08:31:25+00:00\",\"breadcrumb\":{\"@id\":\"https:\/\/www.isoff.org.tr\/en\/privacy-policy\/#breadcrumb\"},\"inLanguage\":\"en-US\",\"potentialAction\":[{\"@type\":\"ReadAction\",\"target\":[\"https:\/\/www.isoff.org.tr\/en\/privacy-policy\/\"]}]},{\"@type\":\"BreadcrumbList\",\"@id\":\"https:\/\/www.isoff.org.tr\/en\/privacy-policy\/#breadcrumb\",\"itemListElement\":[{\"@type\":\"ListItem\",\"position\":1,\"name\":\"Ana sayfa\",\"item\":\"https:\/\/www.isoff.org.tr\/en\/\"},{\"@type\":\"ListItem\",\"position\":2,\"name\":\"Privacy Policy\"}]}]}<\/script>\n<!-- \/ Yoast SEO plugin. -->","yoast_head_json":{"title":"Privacy Policy - \u0130SOFF","robots":{"index":"index","follow":"follow","max-snippet":"max-snippet:-1","max-image-preview":"max-image-preview:large","max-video-preview":"max-video-preview:-1"},"canonical":"https:\/\/www.isoff.org.tr\/en\/privacy-policy\/","og_locale":"en_US","og_type":"article","og_title":"Privacy Policy - \u0130SOFF","og_description":"Last Update: 20 February 2020 Privacy Policy 1- Introduction As \u0130stanbul Off-Road Club Association, we care for your privacy and data security. Therefore, we prepared a Privacy Policy to clarify&hellip; Read More \"Privacy Policy\"","og_url":"https:\/\/www.isoff.org.tr\/en\/privacy-policy\/","og_site_name":"\u0130SOFF","article_modified_time":"2020-03-17T08:31:25+00:00","twitter_card":"summary_large_image","twitter_misc":{"Est. reading time":"4 minutes"},"schema":{"@context":"https:\/\/schema.org","@graph":[{"@type":"WebSite","@id":"https:\/\/www.isoff.org.tr\/#website","url":"https:\/\/www.isoff.org.tr\/","name":"\u0130SOFF","description":"\u0130stanbul Off-Road Kul\u00fcb\u00fc","potentialAction":[{"@type":"SearchAction","target":{"@type":"EntryPoint","urlTemplate":"https:\/\/www.isoff.org.tr\/?s={search_term_string}"},"query-input":"required name=search_term_string"}],"inLanguage":"en-US"},{"@type":"WebPage","@id":"https:\/\/www.isoff.org.tr\/en\/privacy-policy\/#webpage","url":"https:\/\/www.isoff.org.tr\/en\/privacy-policy\/","name":"Privacy Policy - \u0130SOFF","isPartOf":{"@id":"https:\/\/www.isoff.org.tr\/#website"},"datePublished":"2020-02-04T14:46:04+00:00","dateModified":"2020-03-17T08:31:25+00:00","breadcrumb":{"@id":"https:\/\/www.isoff.org.tr\/en\/privacy-policy\/#breadcrumb"},"inLanguage":"en-US","potentialAction":[{"@type":"ReadAction","target":["https:\/\/www.isoff.org.tr\/en\/privacy-policy\/"]}]},{"@type":"BreadcrumbList","@id":"https:\/\/www.isoff.org.tr\/en\/privacy-policy\/#breadcrumb","itemListElement":[{"@type":"ListItem","position":1,"name":"Ana sayfa","item":"https:\/\/www.isoff.org.tr\/en\/"},{"@type":"ListItem","position":2,"name":"Privacy Policy"}]}]}},"_links":{"self":[{"href":"https:\/\/www.isoff.org.tr\/en\/wp-json\/wp\/v2\/pages\/9037"}],"collection":[{"href":"https:\/\/www.isoff.org.tr\/en\/wp-json\/wp\/v2\/pages"}],"about":[{"href":"https:\/\/www.isoff.org.tr\/en\/wp-json\/wp\/v2\/types\/page"}],"author":[{"embeddable":true,"href":"https:\/\/www.isoff.org.tr\/en\/wp-json\/wp\/v2\/users\/1"}],"replies":[{"embeddable":true,"href":"https:\/\/www.isoff.org.tr\/en\/wp-json\/wp\/v2\/comments?post=9037"}],"version-history":[{"count":2,"href":"https:\/\/www.isoff.org.tr\/en\/wp-json\/wp\/v2\/pages\/9037\/revisions"}],"predecessor-version":[{"id":9039,"href":"https:\/\/www.isoff.org.tr\/en\/wp-json\/wp\/v2\/pages\/9037\/revisions\/9039"}],"wp:attachment":[{"href":"https:\/\/www.isoff.org.tr\/en\/wp-json\/wp\/v2\/media?parent=9037"}],"curies":[{"name":"wp","href":"https:\/\/api.w.org\/{rel}","templated":true}]}}