{"id":9043,"date":"2019-04-17T09:08:19","date_gmt":"2019-04-17T09:08:19","guid":{"rendered":"https:\/\/www.isoff.org.tr\/iletisim\/"},"modified":"2021-11-09T14:57:42","modified_gmt":"2021-11-09T11:57:42","slug":"contact","status":"publish","type":"page","link":"https:\/\/www.isoff.org.tr\/en\/contact\/","title":{"rendered":"Contact"},"content":{"rendered":"\t\t<div data-elementor-type=\"wp-post\" data-elementor-id=\"9043\" class=\"elementor elementor-9043 elementor-4075\">\n\t\t\t\t\t\t<section class=\"elementor-section elementor-top-section elementor-element elementor-element-313872d elementor-section-stretched elementor-section-boxed elementor-section-height-default elementor-section-height-default\" data-id=\"313872d\" data-element_type=\"section\" data-settings=\"{&quot;stretch_section&quot;:&quot;section-stretched&quot;}\">\n\t\t\t\t\t\t<div class=\"elementor-container elementor-column-gap-no\">\n\t\t\t\t\t<div class=\"elementor-column elementor-col-50 elementor-top-column elementor-element elementor-element-e82f526\" data-id=\"e82f526\" data-element_type=\"column\">\n\t\t\t<div class=\"elementor-widget-wrap elementor-element-populated\">\n\t\t\t\t\t\t<div class=\"elementor-element elementor-element-10d74d5 elementor-position-left animated-fast elementor-view-default elementor-vertical-align-top elementor-invisible elementor-widget elementor-widget-icon-box\" data-id=\"10d74d5\" data-element_type=\"widget\" data-settings=\"{&quot;_animation&quot;:&quot;opal-move-up&quot;}\" data-widget_type=\"icon-box.default\">\n\t\t\t\t<div class=\"elementor-widget-container\">\n\t\t\t        <div class=\"elementor-icon-box-wrapper\">\n                    <div class=\"elementor-icon-box-icon\">\n            <span class=\"elementor-icon elementor-animation-\" >\n            <i class=\"fa fa-map-marker\" aria-hidden=\"true\"><\/i>            <\/span>\n            <\/div>\n                <div class=\"elementor-icon-box-content\">\n        <h3 class=\"elementor-icon-box-title\">\n        <span >CLUB LOCAL AND MANAGEMENT OFFICE<\/span>\n        <\/h3>\n        <p class=\"elementor-icon-box-description\">Alt\u0131nay Caddesi No:59\/3 Seyrantepe, Ka\u011f\u0131thane, \u0130stanbul T\u00fcrkiye<\/p>\n        <\/div>\n        <\/div>\n        \t\t<\/div>\n\t\t\t\t<\/div>\n\t\t\t\t<div class=\"elementor-element elementor-element-0b26367 elementor-position-left animated-fast elementor-view-default elementor-vertical-align-top elementor-invisible elementor-widget elementor-widget-icon-box\" data-id=\"0b26367\" data-element_type=\"widget\" data-settings=\"{&quot;_animation&quot;:&quot;opal-move-up&quot;,&quot;_animation_delay&quot;:150}\" data-widget_type=\"icon-box.default\">\n\t\t\t\t<div class=\"elementor-widget-container\">\n\t\t\t        <div class=\"elementor-icon-box-wrapper\">\n                    <div class=\"elementor-icon-box-icon\">\n            <a class=\"elementor-icon elementor-animation-\" href=\"tel:+908503462870\">\n            <i class=\"fa fa-volume-control-phone\" aria-hidden=\"true\"><\/i>            <\/a>\n            <\/div>\n                <div class=\"elementor-icon-box-content\">\n        <h3 class=\"elementor-icon-box-title\">\n        <a href=\"tel:+908503462870\">Phone<\/a>\n        <\/h3>\n        <p class=\"elementor-icon-box-description\">+90 850 346 28 70<\/p>\n        <\/div>\n        <\/div>\n        \t\t<\/div>\n\t\t\t\t<\/div>\n\t\t\t\t<section class=\"elementor-section elementor-inner-section elementor-element elementor-element-9a2749e animated-fast elementor-section-boxed elementor-section-height-default elementor-section-height-default elementor-invisible\" data-id=\"9a2749e\" data-element_type=\"section\" data-settings=\"{&quot;animation&quot;:&quot;opal-move-up&quot;,&quot;animation_delay&quot;:200}\">\n\t\t\t\t\t\t<div class=\"elementor-container elementor-column-gap-no\">\n\t\t\t\t\t<div class=\"elementor-column elementor-col-50 elementor-inner-column elementor-element elementor-element-3469c91\" data-id=\"3469c91\" data-element_type=\"column\">\n\t\t\t<div class=\"elementor-widget-wrap elementor-element-populated\">\n\t\t\t\t\t\t<div class=\"elementor-element elementor-element-cc40373 elementor-position-left elementor-view-default elementor-vertical-align-top elementor-widget elementor-widget-icon-box\" data-id=\"cc40373\" data-element_type=\"widget\" data-widget_type=\"icon-box.default\">\n\t\t\t\t<div class=\"elementor-widget-container\">\n\t\t\t        <div class=\"elementor-icon-box-wrapper\">\n                    <div class=\"elementor-icon-box-icon\">\n            <span class=\"elementor-icon elementor-animation-\" >\n            <i class=\"fa fa-envelope-open\" aria-hidden=\"true\"><\/i>            <\/span>\n            <\/div>\n                <div class=\"elementor-icon-box-content\">\n        <h3 class=\"elementor-icon-box-title\">\n        <span >E-mail<\/span>\n        <\/h3>\n        <p class=\"elementor-icon-box-description\">info@isoff.org.tr<br>\nofis@isoff.org.tr<\/p>\n        <\/div>\n        <\/div>\n        \t\t<\/div>\n\t\t\t\t<\/div>\n\t\t\t\t\t<\/div>\n\t\t<\/div>\n\t\t\t\t<div class=\"elementor-column elementor-col-50 elementor-inner-column elementor-element elementor-element-0abf274\" data-id=\"0abf274\" data-element_type=\"column\">\n\t\t\t<div class=\"elementor-widget-wrap elementor-element-populated\">\n\t\t\t\t\t\t<div class=\"elementor-element elementor-element-88f1edc elementor-align-left elementor-tablet-align-center elementor-mobile-align-center elementor-widget elementor-widget-heading\" data-id=\"88f1edc\" data-element_type=\"widget\" data-widget_type=\"heading.default\">\n\t\t\t\t<div class=\"elementor-widget-container\">\n\t\t\t<h3 class=\"elementor-heading-title elementor-size-default\">Follow Us<\/h3>\t\t<\/div>\n\t\t\t\t<\/div>\n\t\t\t\t<div class=\"elementor-element elementor-element-492136c elementor-shape-square elementor-widget__width-auto elementor-widget-tablet__width-inherit elementor-widget elementor-widget-social-icons\" data-id=\"492136c\" data-element_type=\"widget\" data-widget_type=\"social-icons.default\">\n\t\t\t\t<div class=\"elementor-widget-container\">\n\t\t\t\t\t<div class=\"elementor-social-icons-wrapper\">\n\t\t\t\t\t\t\t<a class=\"elementor-icon elementor-social-icon elementor-social-icon-facebook\" href=\"https:\/\/www.facebook.com\/isoffoffroad\/\" target=\"_blank\">\n\t\t\t\t\t<span class=\"elementor-screen-only\">Facebook<\/span>\n\t\t\t\t\t<i class=\"fa fa-facebook\"><\/i>\n\t\t\t\t<\/a>\n\t\t\t\t\t\t\t<a class=\"elementor-icon elementor-social-icon elementor-social-icon-instagram\" href=\"https:\/\/www.instagram.com\/istanbuloffroadkulubu\/\" target=\"_blank\">\n\t\t\t\t\t<span class=\"elementor-screen-only\">Instagram<\/span>\n\t\t\t\t\t<i class=\"fa fa-instagram\"><\/i>\n\t\t\t\t<\/a>\n\t\t\t\t\t\t\t<a class=\"elementor-icon elementor-social-icon elementor-social-icon-vimeo\" href=\"https:\/\/vimeo.com\/search?q=isoff\" target=\"_blank\">\n\t\t\t\t\t<span class=\"elementor-screen-only\">Vimeo<\/span>\n\t\t\t\t\t<i class=\"fa fa-vimeo\"><\/i>\n\t\t\t\t<\/a>\n\t\t\t\t\t\t\t<a class=\"elementor-icon elementor-social-icon elementor-social-icon-youtube\" href=\"https:\/\/www.youtube.com\/channel\/UC35HO7CMgoyoK2aZrXB0dmg\" target=\"_blank\">\n\t\t\t\t\t<span class=\"elementor-screen-only\">Youtube<\/span>\n\t\t\t\t\t<i class=\"fa fa-youtube\"><\/i>\n\t\t\t\t<\/a>\n\t\t\t\t\t<\/div>\n\t\t\t\t<\/div>\n\t\t\t\t<\/div>\n\t\t\t\t\t<\/div>\n\t\t<\/div>\n\t\t\t\t\t<\/div>\n\t\t<\/section>\n\t\t\t\t<div class=\"elementor-element elementor-element-1d63e60 animated-fast elementor-invisible elementor-widget elementor-widget-google_maps\" data-id=\"1d63e60\" data-element_type=\"widget\" data-settings=\"{&quot;_animation&quot;:&quot;opal-move-up&quot;,&quot;_animation_delay&quot;:250}\" data-widget_type=\"google_maps.default\">\n\t\t\t\t<div class=\"elementor-widget-container\">\n\t\t\t\t\t<div class=\"elementor-custom-embed\">\n\t\t\t<iframe loading=\"lazy\"\n\t\t\t\t\tsrc=\"https:\/\/maps.google.com\/maps?q=%C4%B0stanbul%20Off%20Road%20Kul%C3%BCb%C3%BC%20-%20isoff&#038;t=m&#038;z=13&#038;output=embed&#038;iwloc=near\"\n\t\t\t\t\ttitle=\"\u0130stanbul Off Road Kul\u00fcb\u00fc - isoff\"\n\t\t\t\t\taria-label=\"\u0130stanbul Off Road Kul\u00fcb\u00fc - isoff\"\n\t\t\t><\/iframe>\n\t\t<\/div>\n\t\t\t\t<\/div>\n\t\t\t\t<\/div>\n\t\t\t\t\t<\/div>\n\t\t<\/div>\n\t\t\t\t<div class=\"elementor-column elementor-col-50 elementor-top-column elementor-element elementor-element-9ef0e10\" data-id=\"9ef0e10\" data-element_type=\"column\" data-settings=\"{&quot;background_background&quot;:&quot;classic&quot;}\">\n\t\t\t<div class=\"elementor-widget-wrap elementor-element-populated\">\n\t\t\t\t\t\t<div class=\"elementor-element elementor-element-5cb08ba animated-fast elementor-invisible elementor-widget elementor-widget-heading\" data-id=\"5cb08ba\" data-element_type=\"widget\" data-settings=\"{&quot;_animation&quot;:&quot;opal-move-up&quot;}\" data-widget_type=\"heading.default\">\n\t\t\t\t<div class=\"elementor-widget-container\">\n\t\t\t<h2 class=\"elementor-heading-title elementor-size-default\">WRITE TO US<\/h2>\t\t<\/div>\n\t\t\t\t<\/div>\n\t\t\t\t<div class=\"elementor-element elementor-element-0818777 animated-fast elementor-invisible elementor-widget elementor-widget-text-editor\" data-id=\"0818777\" data-element_type=\"widget\" data-settings=\"{&quot;_animation&quot;:&quot;opal-move-up&quot;,&quot;_animation_delay&quot;:150}\" data-widget_type=\"text-editor.default\">\n\t\t\t\t<div class=\"elementor-widget-container\">\n\t\t\t        <div class=\"elementor-text-editor elementor-clearfix\">Do you have any questions? Please don\u2019t hesitate. You can fill the contact form below and ask us about anything. We will be happy to answer your questions. Please remember to completely fill the form. Our related units will contact you after viewing your message.<\/div>\n        \t\t<\/div>\n\t\t\t\t<\/div>\n\t\t\t\t<div class=\"elementor-element elementor-element-fb23c4e animated-fast elementor-wpcf7-button-primary elementor-wpcf7-button-md elementor-invisible elementor-widget elementor-widget-opal-contactform7\" data-id=\"fb23c4e\" data-element_type=\"widget\" data-settings=\"{&quot;_animation&quot;:&quot;opal-move-up&quot;,&quot;_animation_delay&quot;:200}\" data-widget_type=\"opal-contactform7.default\">\n\t\t\t\t<div class=\"elementor-widget-container\">\n\t\t\t\n<div class=\"wpcf7 no-js\" id=\"wpcf7-f6-o1\" lang=\"tr-TR\" dir=\"ltr\">\n<div class=\"screen-reader-response\"><p role=\"status\" aria-live=\"polite\" aria-atomic=\"true\"><\/p> <ul><\/ul><\/div>\n<form action=\"\/en\/wp-json\/wp\/v2\/pages\/9043#wpcf7-f6-o1\" method=\"post\" class=\"wpcf7-form init\" aria-label=\"Contact form\" novalidate=\"novalidate\" data-status=\"init\">\n<div style=\"display: none;\">\n<input type=\"hidden\" name=\"_wpcf7\" value=\"6\" \/>\n<input type=\"hidden\" name=\"_wpcf7_version\" value=\"5.8.7\" \/>\n<input type=\"hidden\" name=\"_wpcf7_locale\" value=\"tr_TR\" \/>\n<input type=\"hidden\" name=\"_wpcf7_unit_tag\" value=\"wpcf7-f6-o1\" \/>\n<input type=\"hidden\" name=\"_wpcf7_container_post\" value=\"0\" \/>\n<input type=\"hidden\" name=\"_wpcf7_posted_data_hash\" value=\"\" \/>\n<\/div>\n<p><label> Ad\u0131n\u0131z Soyad\u0131n\u0131z (zorunlu)<br \/>\n<span class=\"wpcf7-form-control-wrap\" data-name=\"your-name\"><input size=\"40\" class=\"wpcf7-form-control wpcf7-text wpcf7-validates-as-required\" aria-required=\"true\" aria-invalid=\"false\" value=\"\" type=\"text\" name=\"your-name\" \/><\/span> <\/label>\n<\/p>\n<p><label> E-Mail Adresiniz (zorunlu)<br \/>\n<span class=\"wpcf7-form-control-wrap\" data-name=\"your-email\"><input size=\"40\" class=\"wpcf7-form-control wpcf7-email wpcf7-validates-as-required wpcf7-text wpcf7-validates-as-email\" aria-required=\"true\" aria-invalid=\"false\" value=\"\" type=\"email\" name=\"your-email\" \/><\/span> <\/label>\n<\/p>\n<p><label> Konu<br \/>\n<span class=\"wpcf7-form-control-wrap\" data-name=\"your-subject\"><input size=\"40\" class=\"wpcf7-form-control wpcf7-text\" aria-invalid=\"false\" value=\"\" type=\"text\" name=\"your-subject\" \/><\/span> <\/label>\n<\/p>\n<p><label> Mesaj\u0131n\u0131z<br \/>\n<span class=\"wpcf7-form-control-wrap\" data-name=\"your-message\"><textarea cols=\"40\" rows=\"10\" class=\"wpcf7-form-control wpcf7-textarea\" aria-invalid=\"false\" name=\"your-message\"><\/textarea><\/span> <\/label>\n<\/p>\n<p><label> G\u00fcvenlik Sorusu (zorunlu)<br \/>\n<span class=\"wpcf7-form-control-wrap\" data-name=\"guvenlik-sorusu\"><label><span class=\"wpcf7-quiz-label\">2 + 7 = ?<\/span> <input size=\"40\" class=\"wpcf7-form-control wpcf7-quiz\" autocomplete=\"off\" aria-required=\"true\" aria-invalid=\"false\" type=\"text\" name=\"guvenlik-sorusu\" \/><\/label><input type=\"hidden\" name=\"_wpcf7_quiz_answer_guvenlik-sorusu\" value=\"1554c146c7edfbdc3a6cf4f8ee1f80f0\" \/><\/span> <\/label>\n<\/p>\n<p><input class=\"wpcf7-form-control wpcf7-submit has-spinner\" type=\"submit\" value=\"G\u00f6nder\" \/>\n<\/p><p style=\"display: none !important;\" class=\"akismet-fields-container\" data-prefix=\"_wpcf7_ak_\"><label>&#916;<textarea name=\"_wpcf7_ak_hp_textarea\" cols=\"45\" rows=\"8\" maxlength=\"100\"><\/textarea><\/label><input type=\"hidden\" id=\"ak_js_1\" name=\"_wpcf7_ak_js\" value=\"221\"\/><script>document.getElementById( \"ak_js_1\" ).setAttribute( \"value\", ( new Date() ).getTime() );<\/script><\/p><div class=\"wpcf7-response-output\" aria-hidden=\"true\"><\/div>\n<\/form>\n<\/div>\n\t\t<\/div>\n\t\t\t\t<\/div>\n\t\t\t\t\t<\/div>\n\t\t<\/div>\n\t\t\t\t\t<\/div>\n\t\t<\/section>\n\t\t\t\t<\/div>\n\t\t","protected":false},"excerpt":{"rendered":"<p>CLUB LOCAL AND MANAGEMENT OFFICE Alt\u0131nay Caddesi No:59\/3 Seyrantepe, Ka\u011f\u0131thane, \u0130stanbul T\u00fcrkiye Phone +90 850 346 28 70 E-mail info@isoff.org.tr ofis@isoff.org.tr Follow Us Facebook Instagram Vimeo Youtube WRITE TO US&hellip; <\/p>\n<p class=\"link-more\"><a href=\"https:\/\/www.isoff.org.tr\/en\/contact\/\" class=\"more-link\">Read More <span class=\"screen-reader-text\"> &#8220;Contact&#8221;<\/span><\/a><\/p>\n","protected":false},"author":1,"featured_media":0,"parent":0,"menu_order":0,"comment_status":"closed","ping_status":"closed","template":"page-elementor.php","meta":{"footnotes":""},"yoast_head":"<!-- This site is optimized with the Yoast SEO plugin v18.1 - https:\/\/yoast.com\/wordpress\/plugins\/seo\/ -->\n<title>\u0130leti\u015fim<\/title>\n<meta name=\"description\" content=\"\u0130SOFF ileti\u015fim kanallar\u0131na ula\u015f\u0131n. Telefon, Faks, E-mail ve Adres bilgilerine ileti\u015fim ve irtibat sayfas\u0131 vas\u0131tas\u0131yla eri\u015fin.\" \/>\n<meta name=\"robots\" content=\"index, follow, max-snippet:-1, max-image-preview:large, max-video-preview:-1\" \/>\n<link rel=\"canonical\" href=\"https:\/\/www.isoff.org.tr\/en\/contact\/\" \/>\n<meta property=\"og:locale\" content=\"en_US\" \/>\n<meta property=\"og:type\" content=\"article\" \/>\n<meta property=\"og:title\" content=\"\u0130leti\u015fim\" \/>\n<meta property=\"og:description\" content=\"\u0130SOFF ileti\u015fim kanallar\u0131na ula\u015f\u0131n. Telefon, Faks, E-mail ve Adres bilgilerine ileti\u015fim ve irtibat sayfas\u0131 vas\u0131tas\u0131yla eri\u015fin.\" \/>\n<meta property=\"og:url\" content=\"https:\/\/www.isoff.org.tr\/en\/contact\/\" \/>\n<meta property=\"og:site_name\" content=\"\u0130SOFF\" \/>\n<meta property=\"article:modified_time\" content=\"2021-11-09T11:57:42+00:00\" \/>\n<meta name=\"twitter:card\" content=\"summary_large_image\" \/>\n<meta name=\"twitter:label1\" content=\"Est. reading time\" \/>\n\t<meta name=\"twitter:data1\" content=\"1 minute\" \/>\n<script type=\"application\/ld+json\" class=\"yoast-schema-graph\">{\"@context\":\"https:\/\/schema.org\",\"@graph\":[{\"@type\":\"WebSite\",\"@id\":\"https:\/\/www.isoff.org.tr\/#website\",\"url\":\"https:\/\/www.isoff.org.tr\/\",\"name\":\"\u0130SOFF\",\"description\":\"\u0130stanbul Off-Road Kul\u00fcb\u00fc\",\"potentialAction\":[{\"@type\":\"SearchAction\",\"target\":{\"@type\":\"EntryPoint\",\"urlTemplate\":\"https:\/\/www.isoff.org.tr\/?s={search_term_string}\"},\"query-input\":\"required name=search_term_string\"}],\"inLanguage\":\"en-US\"},{\"@type\":\"WebPage\",\"@id\":\"https:\/\/www.isoff.org.tr\/en\/contact\/#webpage\",\"url\":\"https:\/\/www.isoff.org.tr\/en\/contact\/\",\"name\":\"\u0130leti\u015fim\",\"isPartOf\":{\"@id\":\"https:\/\/www.isoff.org.tr\/#website\"},\"datePublished\":\"2019-04-17T09:08:19+00:00\",\"dateModified\":\"2021-11-09T11:57:42+00:00\",\"description\":\"\u0130SOFF ileti\u015fim kanallar\u0131na ula\u015f\u0131n. Telefon, Faks, E-mail ve Adres bilgilerine ileti\u015fim ve irtibat sayfas\u0131 vas\u0131tas\u0131yla eri\u015fin.\",\"breadcrumb\":{\"@id\":\"https:\/\/www.isoff.org.tr\/en\/contact\/#breadcrumb\"},\"inLanguage\":\"en-US\",\"potentialAction\":[{\"@type\":\"ReadAction\",\"target\":[\"https:\/\/www.isoff.org.tr\/en\/contact\/\"]}]},{\"@type\":\"BreadcrumbList\",\"@id\":\"https:\/\/www.isoff.org.tr\/en\/contact\/#breadcrumb\",\"itemListElement\":[{\"@type\":\"ListItem\",\"position\":1,\"name\":\"Ana sayfa\",\"item\":\"https:\/\/www.isoff.org.tr\/en\/\"},{\"@type\":\"ListItem\",\"position\":2,\"name\":\"Contact\"}]}]}<\/script>\n<!-- \/ Yoast SEO plugin. -->","yoast_head_json":{"title":"\u0130leti\u015fim","description":"\u0130SOFF ileti\u015fim kanallar\u0131na ula\u015f\u0131n. Telefon, Faks, E-mail ve Adres bilgilerine ileti\u015fim ve irtibat sayfas\u0131 vas\u0131tas\u0131yla eri\u015fin.","robots":{"index":"index","follow":"follow","max-snippet":"max-snippet:-1","max-image-preview":"max-image-preview:large","max-video-preview":"max-video-preview:-1"},"canonical":"https:\/\/www.isoff.org.tr\/en\/contact\/","og_locale":"en_US","og_type":"article","og_title":"\u0130leti\u015fim","og_description":"\u0130SOFF ileti\u015fim kanallar\u0131na ula\u015f\u0131n. Telefon, Faks, E-mail ve Adres bilgilerine ileti\u015fim ve irtibat sayfas\u0131 vas\u0131tas\u0131yla eri\u015fin.","og_url":"https:\/\/www.isoff.org.tr\/en\/contact\/","og_site_name":"\u0130SOFF","article_modified_time":"2021-11-09T11:57:42+00:00","twitter_card":"summary_large_image","twitter_misc":{"Est. reading time":"1 minute"},"schema":{"@context":"https:\/\/schema.org","@graph":[{"@type":"WebSite","@id":"https:\/\/www.isoff.org.tr\/#website","url":"https:\/\/www.isoff.org.tr\/","name":"\u0130SOFF","description":"\u0130stanbul Off-Road Kul\u00fcb\u00fc","potentialAction":[{"@type":"SearchAction","target":{"@type":"EntryPoint","urlTemplate":"https:\/\/www.isoff.org.tr\/?s={search_term_string}"},"query-input":"required name=search_term_string"}],"inLanguage":"en-US"},{"@type":"WebPage","@id":"https:\/\/www.isoff.org.tr\/en\/contact\/#webpage","url":"https:\/\/www.isoff.org.tr\/en\/contact\/","name":"\u0130leti\u015fim","isPartOf":{"@id":"https:\/\/www.isoff.org.tr\/#website"},"datePublished":"2019-04-17T09:08:19+00:00","dateModified":"2021-11-09T11:57:42+00:00","description":"\u0130SOFF ileti\u015fim kanallar\u0131na ula\u015f\u0131n. Telefon, Faks, E-mail ve Adres bilgilerine ileti\u015fim ve irtibat sayfas\u0131 vas\u0131tas\u0131yla eri\u015fin.","breadcrumb":{"@id":"https:\/\/www.isoff.org.tr\/en\/contact\/#breadcrumb"},"inLanguage":"en-US","potentialAction":[{"@type":"ReadAction","target":["https:\/\/www.isoff.org.tr\/en\/contact\/"]}]},{"@type":"BreadcrumbList","@id":"https:\/\/www.isoff.org.tr\/en\/contact\/#breadcrumb","itemListElement":[{"@type":"ListItem","position":1,"name":"Ana sayfa","item":"https:\/\/www.isoff.org.tr\/en\/"},{"@type":"ListItem","position":2,"name":"Contact"}]}]}},"_links":{"self":[{"href":"https:\/\/www.isoff.org.tr\/en\/wp-json\/wp\/v2\/pages\/9043"}],"collection":[{"href":"https:\/\/www.isoff.org.tr\/en\/wp-json\/wp\/v2\/pages"}],"about":[{"href":"https:\/\/www.isoff.org.tr\/en\/wp-json\/wp\/v2\/types\/page"}],"author":[{"embeddable":true,"href":"https:\/\/www.isoff.org.tr\/en\/wp-json\/wp\/v2\/users\/1"}],"replies":[{"embeddable":true,"href":"https:\/\/www.isoff.org.tr\/en\/wp-json\/wp\/v2\/comments?post=9043"}],"version-history":[{"count":5,"href":"https:\/\/www.isoff.org.tr\/en\/wp-json\/wp\/v2\/pages\/9043\/revisions"}],"predecessor-version":[{"id":12165,"href":"https:\/\/www.isoff.org.tr\/en\/wp-json\/wp\/v2\/pages\/9043\/revisions\/12165"}],"wp:attachment":[{"href":"https:\/\/www.isoff.org.tr\/en\/wp-json\/wp\/v2\/media?parent=9043"}],"curies":[{"name":"wp","href":"https:\/\/api.w.org\/{rel}","templated":true}]}}