{"id":9050,"date":"2020-02-20T16:35:06","date_gmt":"2020-02-20T13:35:06","guid":{"rendered":"https:\/\/www.isoff.org.tr\/kamp-kurallari\/"},"modified":"2020-03-17T12:31:18","modified_gmt":"2020-03-17T09:31:18","slug":"camp-rules","status":"publish","type":"page","link":"https:\/\/www.isoff.org.tr\/en\/camp-rules\/","title":{"rendered":"Camp Rules"},"content":{"rendered":"\t\t<div data-elementor-type=\"wp-page\" data-elementor-id=\"9050\" class=\"elementor elementor-9050 elementor-7504\">\n\t\t\t\t\t\t<section class=\"elementor-section elementor-top-section elementor-element elementor-element-d5b6075 elementor-section-boxed elementor-section-height-default elementor-section-height-default\" data-id=\"d5b6075\" data-element_type=\"section\">\n\t\t\t\t\t\t<div class=\"elementor-container elementor-column-gap-default\">\n\t\t\t\t\t<div class=\"elementor-column elementor-col-100 elementor-top-column elementor-element elementor-element-2b9f6c8\" data-id=\"2b9f6c8\" data-element_type=\"column\">\n\t\t\t<div class=\"elementor-widget-wrap elementor-element-populated\">\n\t\t\t\t\t\t<div class=\"elementor-element elementor-element-4b53216 elementor-widget elementor-widget-heading\" data-id=\"4b53216\" data-element_type=\"widget\" data-widget_type=\"heading.default\">\n\t\t\t\t<div class=\"elementor-widget-container\">\n\t\t\t<h2 class=\"elementor-heading-title elementor-size-default\">ISOFF CAMP RULES<\/h2>\t\t<\/div>\n\t\t\t\t<\/div>\n\t\t\t\t<div class=\"elementor-element elementor-element-7a15b23 elementor-widget elementor-widget-text-editor\" data-id=\"7a15b23\" data-element_type=\"widget\" data-widget_type=\"text-editor.default\">\n\t\t\t\t<div class=\"elementor-widget-container\">\n\t\t\t        <div class=\"elementor-text-editor elementor-clearfix\"><p>One of the main responsibility of \u0130SOFF members and all participants is to prevent any harm towards nature and their surrounding with their approach to nature and being in nature. For this purpose, the following rules will be applied.<\/p><p>All club members and participants act according to these rules during these types of camps.<\/p><ol><li>Cooperation is mandatory during camp preparation, sustaining and cleaning.<\/li><li><span style=\"font-size: 1rem;\">We care for preserving nature during camping and other events and we have camp staff.<\/span><\/li><li><span style=\"font-size: 1rem;\">All firearms and weapons are strictly forbidden in and around the camp.<\/span><\/li><li><span style=\"font-size: 1rem;\">Individuals avoid any behaviours to disturb the surrounding and other campers.<\/span><\/li><li><span style=\"font-size: 1rem;\">Individuals must follow all warnings of the camp staff.<\/span><\/li><li><span style=\"font-size: 1rem;\">Off-Road vehicles are forbidden in the camping zone.<\/span><\/li><li><span style=\"font-size: 1rem;\">After settling in the camp area, vehicles are parked in a way to be used in case of emergency and to ensure safety.<\/span><\/li><li><span style=\"font-size: 1rem;\">Other than the main campfire, only small and short-term fires are permitted (for cooking etc.); these fires are lit inside a pit surrounded by stones and blown out after cooking.<\/span><\/li><li><span style=\"font-size: 1rem;\">A fire extinguisher must be present near the main campfire.<\/span><\/li><li><span style=\"font-size: 1rem;\">Uncontrolled fire, cutting young trees or breaking the branches and connecting a crane on the trees with a strap are forbidden.<\/span><\/li><li><span style=\"font-size: 1rem;\">Necessary precautions for camp tent and tent ropes to be detected at night must be taken.<\/span><\/li><li><span style=\"font-size: 1rem;\">All trips with our without vehicle outside the camp is subjected to the permission of the camp responsible.<\/span><\/li><li><span style=\"font-size: 1rem;\">Cutting trees is strictly forbidden.<\/span><\/li><li><span style=\"font-size: 1rem;\">If you are bringing an animal to the camp, the animal must be fully vaccinated, do not disturb any camp participants and if needed, bounded during eating time.<\/span><\/li><li><span style=\"font-size: 1rem;\">Camp participants must bring their own equipment.<\/span><\/li><li><span style=\"font-size: 1rem;\">All campers must collect their garbage in a garbage bag can carry this bag until the first garbage area after zone cleaning.<\/span><\/li><li><span style=\"font-size: 1rem;\">Anyone joining this camp understands and accepts that \u0130SOFF &#8211; \u0130stanbul Off-Road Club has no responsibility or liability of any events that might occur during the camp and the races and undertakes to follow all the camp rules.<\/span><\/li><\/ol><\/div>\n        \t\t<\/div>\n\t\t\t\t<\/div>\n\t\t\t\t\t<\/div>\n\t\t<\/div>\n\t\t\t\t\t<\/div>\n\t\t<\/section>\n\t\t\t\t<\/div>\n\t\t","protected":false},"excerpt":{"rendered":"<p>ISOFF CAMP RULES One of the main responsibility of \u0130SOFF members and all participants is to prevent any harm towards nature and their surrounding with their approach to nature and&hellip; <\/p>\n<p class=\"link-more\"><a href=\"https:\/\/www.isoff.org.tr\/en\/camp-rules\/\" class=\"more-link\">Read More <span class=\"screen-reader-text\"> &#8220;Camp Rules&#8221;<\/span><\/a><\/p>\n","protected":false},"author":1,"featured_media":0,"parent":0,"menu_order":0,"comment_status":"closed","ping_status":"closed","template":"","meta":{"footnotes":""},"yoast_head":"<!-- This site is optimized with the Yoast SEO plugin v18.1 - https:\/\/yoast.com\/wordpress\/plugins\/seo\/ -->\n<title>Camp Rules - Istanbul Off-Road Club - \u0130SOFF<\/title>\n<meta name=\"description\" content=\"All club members and participants act according to these rules during these types of camps. Camp Rules for ISOFF members...\" \/>\n<meta name=\"robots\" content=\"index, follow, max-snippet:-1, max-image-preview:large, max-video-preview:-1\" \/>\n<link rel=\"canonical\" href=\"https:\/\/www.isoff.org.tr\/en\/camp-rules\/\" \/>\n<meta property=\"og:locale\" content=\"en_US\" \/>\n<meta property=\"og:type\" content=\"article\" \/>\n<meta property=\"og:title\" content=\"Camp Rules - Istanbul Off-Road Club - \u0130SOFF\" \/>\n<meta property=\"og:description\" content=\"All club members and participants act according to these rules during these types of camps. Camp Rules for ISOFF members...\" \/>\n<meta property=\"og:url\" content=\"https:\/\/www.isoff.org.tr\/en\/camp-rules\/\" \/>\n<meta property=\"og:site_name\" content=\"\u0130SOFF\" \/>\n<meta property=\"article:modified_time\" content=\"2020-03-17T09:31:18+00:00\" \/>\n<meta name=\"twitter:card\" content=\"summary_large_image\" \/>\n<meta name=\"twitter:label1\" content=\"Est. reading time\" \/>\n\t<meta name=\"twitter:data1\" content=\"2 minutes\" \/>\n<script type=\"application\/ld+json\" class=\"yoast-schema-graph\">{\"@context\":\"https:\/\/schema.org\",\"@graph\":[{\"@type\":\"WebSite\",\"@id\":\"https:\/\/www.isoff.org.tr\/#website\",\"url\":\"https:\/\/www.isoff.org.tr\/\",\"name\":\"\u0130SOFF\",\"description\":\"\u0130stanbul Off-Road Kul\u00fcb\u00fc\",\"potentialAction\":[{\"@type\":\"SearchAction\",\"target\":{\"@type\":\"EntryPoint\",\"urlTemplate\":\"https:\/\/www.isoff.org.tr\/?s={search_term_string}\"},\"query-input\":\"required name=search_term_string\"}],\"inLanguage\":\"en-US\"},{\"@type\":\"WebPage\",\"@id\":\"https:\/\/www.isoff.org.tr\/en\/camp-rules\/#webpage\",\"url\":\"https:\/\/www.isoff.org.tr\/en\/camp-rules\/\",\"name\":\"Camp Rules - Istanbul Off-Road Club - \u0130SOFF\",\"isPartOf\":{\"@id\":\"https:\/\/www.isoff.org.tr\/#website\"},\"datePublished\":\"2020-02-20T13:35:06+00:00\",\"dateModified\":\"2020-03-17T09:31:18+00:00\",\"description\":\"All club members and participants act according to these rules during these types of camps. Camp Rules for ISOFF members...\",\"breadcrumb\":{\"@id\":\"https:\/\/www.isoff.org.tr\/en\/camp-rules\/#breadcrumb\"},\"inLanguage\":\"en-US\",\"potentialAction\":[{\"@type\":\"ReadAction\",\"target\":[\"https:\/\/www.isoff.org.tr\/en\/camp-rules\/\"]}]},{\"@type\":\"BreadcrumbList\",\"@id\":\"https:\/\/www.isoff.org.tr\/en\/camp-rules\/#breadcrumb\",\"itemListElement\":[{\"@type\":\"ListItem\",\"position\":1,\"name\":\"Ana sayfa\",\"item\":\"https:\/\/www.isoff.org.tr\/en\/\"},{\"@type\":\"ListItem\",\"position\":2,\"name\":\"Camp Rules\"}]}]}<\/script>\n<!-- \/ Yoast SEO plugin. -->","yoast_head_json":{"title":"Camp Rules - Istanbul Off-Road Club - \u0130SOFF","description":"All club members and participants act according to these rules during these types of camps. Camp Rules for ISOFF members...","robots":{"index":"index","follow":"follow","max-snippet":"max-snippet:-1","max-image-preview":"max-image-preview:large","max-video-preview":"max-video-preview:-1"},"canonical":"https:\/\/www.isoff.org.tr\/en\/camp-rules\/","og_locale":"en_US","og_type":"article","og_title":"Camp Rules - Istanbul Off-Road Club - \u0130SOFF","og_description":"All club members and participants act according to these rules during these types of camps. Camp Rules for ISOFF members...","og_url":"https:\/\/www.isoff.org.tr\/en\/camp-rules\/","og_site_name":"\u0130SOFF","article_modified_time":"2020-03-17T09:31:18+00:00","twitter_card":"summary_large_image","twitter_misc":{"Est. reading time":"2 minutes"},"schema":{"@context":"https:\/\/schema.org","@graph":[{"@type":"WebSite","@id":"https:\/\/www.isoff.org.tr\/#website","url":"https:\/\/www.isoff.org.tr\/","name":"\u0130SOFF","description":"\u0130stanbul Off-Road Kul\u00fcb\u00fc","potentialAction":[{"@type":"SearchAction","target":{"@type":"EntryPoint","urlTemplate":"https:\/\/www.isoff.org.tr\/?s={search_term_string}"},"query-input":"required name=search_term_string"}],"inLanguage":"en-US"},{"@type":"WebPage","@id":"https:\/\/www.isoff.org.tr\/en\/camp-rules\/#webpage","url":"https:\/\/www.isoff.org.tr\/en\/camp-rules\/","name":"Camp Rules - Istanbul Off-Road Club - \u0130SOFF","isPartOf":{"@id":"https:\/\/www.isoff.org.tr\/#website"},"datePublished":"2020-02-20T13:35:06+00:00","dateModified":"2020-03-17T09:31:18+00:00","description":"All club members and participants act according to these rules during these types of camps. Camp Rules for ISOFF members...","breadcrumb":{"@id":"https:\/\/www.isoff.org.tr\/en\/camp-rules\/#breadcrumb"},"inLanguage":"en-US","potentialAction":[{"@type":"ReadAction","target":["https:\/\/www.isoff.org.tr\/en\/camp-rules\/"]}]},{"@type":"BreadcrumbList","@id":"https:\/\/www.isoff.org.tr\/en\/camp-rules\/#breadcrumb","itemListElement":[{"@type":"ListItem","position":1,"name":"Ana sayfa","item":"https:\/\/www.isoff.org.tr\/en\/"},{"@type":"ListItem","position":2,"name":"Camp Rules"}]}]}},"_links":{"self":[{"href":"https:\/\/www.isoff.org.tr\/en\/wp-json\/wp\/v2\/pages\/9050"}],"collection":[{"href":"https:\/\/www.isoff.org.tr\/en\/wp-json\/wp\/v2\/pages"}],"about":[{"href":"https:\/\/www.isoff.org.tr\/en\/wp-json\/wp\/v2\/types\/page"}],"author":[{"embeddable":true,"href":"https:\/\/www.isoff.org.tr\/en\/wp-json\/wp\/v2\/users\/1"}],"replies":[{"embeddable":true,"href":"https:\/\/www.isoff.org.tr\/en\/wp-json\/wp\/v2\/comments?post=9050"}],"version-history":[{"count":3,"href":"https:\/\/www.isoff.org.tr\/en\/wp-json\/wp\/v2\/pages\/9050\/revisions"}],"predecessor-version":[{"id":9053,"href":"https:\/\/www.isoff.org.tr\/en\/wp-json\/wp\/v2\/pages\/9050\/revisions\/9053"}],"wp:attachment":[{"href":"https:\/\/www.isoff.org.tr\/en\/wp-json\/wp\/v2\/media?parent=9050"}],"curies":[{"name":"wp","href":"https:\/\/api.w.org\/{rel}","templated":true}]}}