{"id":9054,"date":"2020-02-20T16:21:25","date_gmt":"2020-02-20T13:21:25","guid":{"rendered":"https:\/\/www.isoff.org.tr\/katilimci-arac-siniflari\/"},"modified":"2020-03-17T12:47:20","modified_gmt":"2020-03-17T09:47:20","slug":"participant-vehicle-classes","status":"publish","type":"page","link":"https:\/\/www.isoff.org.tr\/en\/participant-vehicle-classes\/","title":{"rendered":"Participant Vehicle Classes"},"content":{"rendered":"\t\t<div data-elementor-type=\"wp-page\" data-elementor-id=\"9054\" class=\"elementor elementor-9054 elementor-7495\">\n\t\t\t\t\t\t<section class=\"elementor-section elementor-top-section elementor-element elementor-element-f230e0b elementor-section-boxed elementor-section-height-default elementor-section-height-default\" data-id=\"f230e0b\" data-element_type=\"section\">\n\t\t\t\t\t\t<div class=\"elementor-container elementor-column-gap-default\">\n\t\t\t\t\t<div class=\"elementor-column elementor-col-100 elementor-top-column elementor-element elementor-element-d403c02\" data-id=\"d403c02\" data-element_type=\"column\">\n\t\t\t<div class=\"elementor-widget-wrap elementor-element-populated\">\n\t\t\t\t\t\t<div class=\"elementor-element elementor-element-662b9e8 elementor-widget elementor-widget-heading\" data-id=\"662b9e8\" data-element_type=\"widget\" data-widget_type=\"heading.default\">\n\t\t\t\t<div class=\"elementor-widget-container\">\n\t\t\t<h2 class=\"elementor-heading-title elementor-size-default\">Participant Vehicle Classes<\/h2>\t\t<\/div>\n\t\t\t\t<\/div>\n\t\t\t\t<div class=\"elementor-element elementor-element-9febc45 elementor-widget elementor-widget-opal-table\" data-id=\"9febc45\" data-element_type=\"widget\" data-settings=\"{&quot;table_responsive&quot;:&quot;yes&quot;}\" data-widget_type=\"opal-table.default\">\n\t\t\t\t<div class=\"elementor-widget-container\">\n\t\t\t\n        <div class=\"opal-table-wrap opal-table-responsive\">\n                        <table class=\"opal-table\" data-settings=\"{&quot;sort&quot;:false,&quot;sortMob&quot;:false,&quot;search&quot;:false,&quot;dataType&quot;:&quot;custom&quot;,&quot;csvFile&quot;:&quot;&quot;}\">\n\n                \n        <thead class=\"opal-table-head\">\n\n        <tr class=\"opal-table-row\">\n\n            <th class=\"opal-table-cell elementor-repeater-item-5a70374\"><span class=\"opal-table-text\"><span class=\"opal-table-inner\">CLASSES<\/span><\/span><\/th><th class=\"opal-table-cell elementor-repeater-item-f52b346\"><span class=\"opal-table-text\"><span class=\"opal-table-inner\">EXPLANATION<\/span><\/span><\/th>\n        <\/tr>\n\n        <\/thead>\n\n                    \n        <tbody class=\"opal-table-body\">\n                <tr class=\"opal-table-row elementor-repeater-item-25c8578\"><td class=\"opal-table-cell elementor-repeater-item-ad01b33\" id=\"ad01b33\"><span class=\"opal-table-text\"><span class=\"opal-table-inner\">1 STAR (*)<\/span><\/span><\/span><\/td><td class=\"opal-table-cell elementor-repeater-item-aa7d864\" id=\"aa7d864\"><span class=\"opal-table-text\"><span class=\"opal-table-inner\">Standard 4x4 Vehicles, First Aid Kit, Fire Extinguisher<\/span><\/span><\/span><\/td><\/tr><tr class=\"opal-table-row elementor-repeater-item-c4b2577\"><td class=\"opal-table-cell elementor-repeater-item-ff6ba3d\" id=\"ff6ba3d\"><span class=\"opal-table-text\"><span class=\"opal-table-inner\">2 STARS (**)<\/span><\/span><\/span><\/td><td class=\"opal-table-cell elementor-repeater-item-e20391b\" id=\"e20391b\"><span class=\"opal-table-text\"><span class=\"opal-table-inner\">Additional A\/T Tires, Radio Set, Shovel, Flash Light<\/span><\/span><\/span><\/td><\/tr><tr class=\"opal-table-row elementor-repeater-item-2173042\"><td class=\"opal-table-cell elementor-repeater-item-fad2331\" id=\"fad2331\"><span class=\"opal-table-text\"><span class=\"opal-table-inner\">3 STARS (***)<\/span><\/span><\/span><\/td><td class=\"opal-table-cell elementor-repeater-item-ab24eb9\" id=\"ab24eb9\"><span class=\"opal-table-text\"><span class=\"opal-table-inner\">Additional Strep, U Lock, Flexible Rope, Jigsaw, Protective Gloves<\/span><\/span><\/span><\/td><\/tr><tr class=\"opal-table-row elementor-repeater-item-562e1b1\"><td class=\"opal-table-cell elementor-repeater-item-cd8805f\" id=\"cd8805f\"><span class=\"opal-table-text\"><span class=\"opal-table-inner\">4 STARS (****)<\/span><\/span><\/span><\/td><td class=\"opal-table-cell elementor-repeater-item-c827360\" id=\"c827360\"><span class=\"opal-table-text\"><span class=\"opal-table-inner\">Additional M\/T Tires, Front Crane, Back Differential Lock, Pulley, Tool Set<\/span><\/span><\/span><\/td><\/tr><tr class=\"opal-table-row elementor-repeater-item-658208d\"><td class=\"opal-table-cell elementor-repeater-item-bb62662\" id=\"bb62662\"><span class=\"opal-table-text\"><span class=\"opal-table-inner\">5 STARS (*****)<\/span><\/span><\/span><\/td><td class=\"opal-table-cell elementor-repeater-item-aea2626\" id=\"aea2626\"><span class=\"opal-table-text\"><span class=\"opal-table-inner\">Additional MT-Extreme Land Tire, Roll-Bar, Hi-Jack<\/span><\/span><\/span><\/td><\/tr><tr class=\"opal-table-row elementor-repeater-item-bbe301d\"><td class=\"opal-table-cell elementor-repeater-item-8d3153f\" id=\"8d3153f\"><span class=\"opal-table-text\"><span class=\"opal-table-inner\">6 STARS (******)<\/span><\/span><\/span><\/td><td class=\"opal-table-cell elementor-repeater-item-62adf4a\" id=\"62adf4a\"><span class=\"opal-table-text\"><span class=\"opal-table-inner\">Additional Roll-Cage, Front Differential Lock, Back Crane, Sand Pallet<\/span><\/span><\/span><\/td>        <\/tr>\n        <\/tbody>\n\n    \n            <\/table>\n        <\/div>\n\n    \t\t<\/div>\n\t\t\t\t<\/div>\n\t\t\t\t\t<\/div>\n\t\t<\/div>\n\t\t\t\t\t<\/div>\n\t\t<\/section>\n\t\t\t\t<\/div>\n\t\t","protected":false},"excerpt":{"rendered":"<p>Participant Vehicle Classes CLASSES EXPLANATION 1 STAR (*) Standard 4&#215;4 Vehicles, First Aid Kit, Fire Extinguisher 2 STARS (**) Additional A\/T Tires, Radio Set, Shovel, Flash Light 3 STARS (***)&hellip; <\/p>\n<p class=\"link-more\"><a href=\"https:\/\/www.isoff.org.tr\/en\/participant-vehicle-classes\/\" class=\"more-link\">Read More <span class=\"screen-reader-text\"> &#8220;Participant Vehicle Classes&#8221;<\/span><\/a><\/p>\n","protected":false},"author":1,"featured_media":0,"parent":0,"menu_order":0,"comment_status":"closed","ping_status":"closed","template":"","meta":{"footnotes":""},"yoast_head":"<!-- This site is optimized with the Yoast SEO plugin v18.1 - https:\/\/yoast.com\/wordpress\/plugins\/seo\/ -->\n<title>Participant Vehicle Classes - \u0130stanbul Off-Road Club - ISOFF<\/title>\n<meta name=\"description\" content=\"Participant vehicle classes - 1 Star : Standard 4x4 Vehicles, First Aid Kit, Fire Extinguisher, 2 Stars : Additional A\/T Tires, Radio Set, Shovel\" \/>\n<meta name=\"robots\" content=\"index, follow, max-snippet:-1, max-image-preview:large, max-video-preview:-1\" \/>\n<link rel=\"canonical\" href=\"https:\/\/www.isoff.org.tr\/en\/participant-vehicle-classes\/\" \/>\n<meta property=\"og:locale\" content=\"en_US\" \/>\n<meta property=\"og:type\" content=\"article\" \/>\n<meta property=\"og:title\" content=\"Participant Vehicle Classes - \u0130stanbul Off-Road Club - ISOFF\" \/>\n<meta property=\"og:description\" content=\"Participant vehicle classes - 1 Star : Standard 4x4 Vehicles, First Aid Kit, Fire Extinguisher, 2 Stars : Additional A\/T Tires, Radio Set, Shovel\" \/>\n<meta property=\"og:url\" content=\"https:\/\/www.isoff.org.tr\/en\/participant-vehicle-classes\/\" \/>\n<meta property=\"og:site_name\" content=\"\u0130SOFF\" \/>\n<meta property=\"article:modified_time\" content=\"2020-03-17T09:47:20+00:00\" \/>\n<meta name=\"twitter:card\" content=\"summary_large_image\" \/>\n<script type=\"application\/ld+json\" class=\"yoast-schema-graph\">{\"@context\":\"https:\/\/schema.org\",\"@graph\":[{\"@type\":\"WebSite\",\"@id\":\"https:\/\/www.isoff.org.tr\/#website\",\"url\":\"https:\/\/www.isoff.org.tr\/\",\"name\":\"\u0130SOFF\",\"description\":\"\u0130stanbul Off-Road Kul\u00fcb\u00fc\",\"potentialAction\":[{\"@type\":\"SearchAction\",\"target\":{\"@type\":\"EntryPoint\",\"urlTemplate\":\"https:\/\/www.isoff.org.tr\/?s={search_term_string}\"},\"query-input\":\"required name=search_term_string\"}],\"inLanguage\":\"en-US\"},{\"@type\":\"WebPage\",\"@id\":\"https:\/\/www.isoff.org.tr\/en\/participant-vehicle-classes\/#webpage\",\"url\":\"https:\/\/www.isoff.org.tr\/en\/participant-vehicle-classes\/\",\"name\":\"Participant Vehicle Classes - \u0130stanbul Off-Road Club - ISOFF\",\"isPartOf\":{\"@id\":\"https:\/\/www.isoff.org.tr\/#website\"},\"datePublished\":\"2020-02-20T13:21:25+00:00\",\"dateModified\":\"2020-03-17T09:47:20+00:00\",\"description\":\"Participant vehicle classes - 1 Star : Standard 4x4 Vehicles, First Aid Kit, Fire Extinguisher, 2 Stars : Additional A\/T Tires, Radio Set, Shovel\",\"breadcrumb\":{\"@id\":\"https:\/\/www.isoff.org.tr\/en\/participant-vehicle-classes\/#breadcrumb\"},\"inLanguage\":\"en-US\",\"potentialAction\":[{\"@type\":\"ReadAction\",\"target\":[\"https:\/\/www.isoff.org.tr\/en\/participant-vehicle-classes\/\"]}]},{\"@type\":\"BreadcrumbList\",\"@id\":\"https:\/\/www.isoff.org.tr\/en\/participant-vehicle-classes\/#breadcrumb\",\"itemListElement\":[{\"@type\":\"ListItem\",\"position\":1,\"name\":\"Ana sayfa\",\"item\":\"https:\/\/www.isoff.org.tr\/en\/\"},{\"@type\":\"ListItem\",\"position\":2,\"name\":\"Participant Vehicle Classes\"}]}]}<\/script>\n<!-- \/ Yoast SEO plugin. -->","yoast_head_json":{"title":"Participant Vehicle Classes - \u0130stanbul Off-Road Club - ISOFF","description":"Participant vehicle classes - 1 Star : Standard 4x4 Vehicles, First Aid Kit, Fire Extinguisher, 2 Stars : Additional A\/T Tires, Radio Set, Shovel","robots":{"index":"index","follow":"follow","max-snippet":"max-snippet:-1","max-image-preview":"max-image-preview:large","max-video-preview":"max-video-preview:-1"},"canonical":"https:\/\/www.isoff.org.tr\/en\/participant-vehicle-classes\/","og_locale":"en_US","og_type":"article","og_title":"Participant Vehicle Classes - \u0130stanbul Off-Road Club - ISOFF","og_description":"Participant vehicle classes - 1 Star : Standard 4x4 Vehicles, First Aid Kit, Fire Extinguisher, 2 Stars : Additional A\/T Tires, Radio Set, Shovel","og_url":"https:\/\/www.isoff.org.tr\/en\/participant-vehicle-classes\/","og_site_name":"\u0130SOFF","article_modified_time":"2020-03-17T09:47:20+00:00","twitter_card":"summary_large_image","schema":{"@context":"https:\/\/schema.org","@graph":[{"@type":"WebSite","@id":"https:\/\/www.isoff.org.tr\/#website","url":"https:\/\/www.isoff.org.tr\/","name":"\u0130SOFF","description":"\u0130stanbul Off-Road Kul\u00fcb\u00fc","potentialAction":[{"@type":"SearchAction","target":{"@type":"EntryPoint","urlTemplate":"https:\/\/www.isoff.org.tr\/?s={search_term_string}"},"query-input":"required name=search_term_string"}],"inLanguage":"en-US"},{"@type":"WebPage","@id":"https:\/\/www.isoff.org.tr\/en\/participant-vehicle-classes\/#webpage","url":"https:\/\/www.isoff.org.tr\/en\/participant-vehicle-classes\/","name":"Participant Vehicle Classes - \u0130stanbul Off-Road Club - ISOFF","isPartOf":{"@id":"https:\/\/www.isoff.org.tr\/#website"},"datePublished":"2020-02-20T13:21:25+00:00","dateModified":"2020-03-17T09:47:20+00:00","description":"Participant vehicle classes - 1 Star : Standard 4x4 Vehicles, First Aid Kit, Fire Extinguisher, 2 Stars : Additional A\/T Tires, Radio Set, Shovel","breadcrumb":{"@id":"https:\/\/www.isoff.org.tr\/en\/participant-vehicle-classes\/#breadcrumb"},"inLanguage":"en-US","potentialAction":[{"@type":"ReadAction","target":["https:\/\/www.isoff.org.tr\/en\/participant-vehicle-classes\/"]}]},{"@type":"BreadcrumbList","@id":"https:\/\/www.isoff.org.tr\/en\/participant-vehicle-classes\/#breadcrumb","itemListElement":[{"@type":"ListItem","position":1,"name":"Ana sayfa","item":"https:\/\/www.isoff.org.tr\/en\/"},{"@type":"ListItem","position":2,"name":"Participant Vehicle Classes"}]}]}},"_links":{"self":[{"href":"https:\/\/www.isoff.org.tr\/en\/wp-json\/wp\/v2\/pages\/9054"}],"collection":[{"href":"https:\/\/www.isoff.org.tr\/en\/wp-json\/wp\/v2\/pages"}],"about":[{"href":"https:\/\/www.isoff.org.tr\/en\/wp-json\/wp\/v2\/types\/page"}],"author":[{"embeddable":true,"href":"https:\/\/www.isoff.org.tr\/en\/wp-json\/wp\/v2\/users\/1"}],"replies":[{"embeddable":true,"href":"https:\/\/www.isoff.org.tr\/en\/wp-json\/wp\/v2\/comments?post=9054"}],"version-history":[{"count":3,"href":"https:\/\/www.isoff.org.tr\/en\/wp-json\/wp\/v2\/pages\/9054\/revisions"}],"predecessor-version":[{"id":9058,"href":"https:\/\/www.isoff.org.tr\/en\/wp-json\/wp\/v2\/pages\/9054\/revisions\/9058"}],"wp:attachment":[{"href":"https:\/\/www.isoff.org.tr\/en\/wp-json\/wp\/v2\/media?parent=9054"}],"curies":[{"name":"wp","href":"https:\/\/api.w.org\/{rel}","templated":true}]}}