{"id":9150,"date":"2020-02-06T12:45:11","date_gmt":"2020-02-06T09:45:11","guid":{"rendered":"https:\/\/www.isoff.org.tr\/etkinliklerimiz\/"},"modified":"2020-04-01T15:12:10","modified_gmt":"2020-04-01T12:12:10","slug":"our-events","status":"publish","type":"page","link":"https:\/\/www.isoff.org.tr\/en\/our-events\/","title":{"rendered":"Our Events"},"content":{"rendered":"\t\t<div data-elementor-type=\"wp-page\" data-elementor-id=\"9150\" class=\"elementor elementor-9150 elementor-6552\">\n\t\t\t\t\t\t<section class=\"elementor-section elementor-top-section elementor-element elementor-element-0097ad3 elementor-section-boxed elementor-section-height-default elementor-section-height-default\" data-id=\"0097ad3\" data-element_type=\"section\">\n\t\t\t\t\t\t<div class=\"elementor-container elementor-column-gap-default\">\n\t\t\t\t\t<div class=\"elementor-column elementor-col-100 elementor-top-column elementor-element elementor-element-e2c5a4c\" data-id=\"e2c5a4c\" data-element_type=\"column\">\n\t\t\t<div class=\"elementor-widget-wrap elementor-element-populated\">\n\t\t\t\t\t\t<div class=\"elementor-element elementor-element-8066eec event-block-style-3 elementor-widget elementor-widget-opal-events\" data-id=\"8066eec\" data-element_type=\"widget\" data-widget_type=\"opal-events.default\">\n\t\t\t\t<div class=\"elementor-widget-container\">\n\t\t\tNo event found\t\t<\/div>\n\t\t\t\t<\/div>\n\t\t\t\t\t<\/div>\n\t\t<\/div>\n\t\t\t\t\t<\/div>\n\t\t<\/section>\n\t\t\t\t<\/div>\n\t\t","protected":false},"excerpt":{"rendered":"<p>4\u00d74 Off-Road Fest Kamp\u0131, 15-18 Haziran 2020 15 Haziran &#8211; 18 Haziran 4&#215;4 Dergisinin ilk defa 2019 y\u0131l\u0131nda d\u00fczenledi\u011fi Off-Road Fest Kamp organizasyonuna 12-13-14 Haziran 2020 tarihlerinde \u0130stanbul Off-Road Kul\u00fcb\u00fc&hellip; <\/p>\n<p class=\"link-more\"><a href=\"https:\/\/www.isoff.org.tr\/en\/our-events\/\" class=\"more-link\">Read More <span class=\"screen-reader-text\"> &#8220;Our Events&#8221;<\/span><\/a><\/p>\n","protected":false},"author":1,"featured_media":0,"parent":0,"menu_order":0,"comment_status":"closed","ping_status":"closed","template":"","meta":{"footnotes":""},"yoast_head":"<!-- This site is optimized with the Yoast SEO plugin v18.1 - https:\/\/yoast.com\/wordpress\/plugins\/seo\/ -->\n<title>Etkinlikler<\/title>\n<meta name=\"description\" content=\"\u0130stanbul Off-Road Kul\u00fcb\u00fc&#039;n\u00fcn \u00f6n\u00fcm\u00fczdeki t\u00fcm etkinlik takvimine g\u00f6z at\u0131n. Organizasyon ve etkinliklere kat\u0131l\u0131m ko\u015fullar\u0131n\u0131 inceleyin.\" \/>\n<meta name=\"robots\" content=\"index, follow, max-snippet:-1, max-image-preview:large, max-video-preview:-1\" \/>\n<link rel=\"canonical\" href=\"https:\/\/www.isoff.org.tr\/en\/our-events\/\" \/>\n<meta property=\"og:locale\" content=\"en_US\" \/>\n<meta property=\"og:type\" content=\"article\" \/>\n<meta property=\"og:title\" content=\"Etkinlikler\" \/>\n<meta property=\"og:description\" content=\"\u0130stanbul Off-Road Kul\u00fcb\u00fc&#039;n\u00fcn \u00f6n\u00fcm\u00fczdeki t\u00fcm etkinlik takvimine g\u00f6z at\u0131n. Organizasyon ve etkinliklere kat\u0131l\u0131m ko\u015fullar\u0131n\u0131 inceleyin.\" \/>\n<meta property=\"og:url\" content=\"https:\/\/www.isoff.org.tr\/en\/our-events\/\" \/>\n<meta property=\"og:site_name\" content=\"\u0130SOFF\" \/>\n<meta property=\"article:modified_time\" content=\"2020-04-01T12:12:10+00:00\" \/>\n<meta property=\"og:image\" content=\"https:\/\/www.isoff.org.tr\/wp-content\/uploads\/2020\/02\/4x4-d\u00fcnyas\u0131-off-road-fest-15-18-haziran-isoff-istanbul-off-road-kul\u00fcb\u00fc-620x572.jpg\" \/>\n<meta name=\"twitter:card\" content=\"summary_large_image\" \/>\n<meta name=\"twitter:label1\" content=\"Est. reading time\" \/>\n\t<meta name=\"twitter:data1\" content=\"2 minutes\" \/>\n<script type=\"application\/ld+json\" class=\"yoast-schema-graph\">{\"@context\":\"https:\/\/schema.org\",\"@graph\":[{\"@type\":\"WebSite\",\"@id\":\"https:\/\/www.isoff.org.tr\/#website\",\"url\":\"https:\/\/www.isoff.org.tr\/\",\"name\":\"\u0130SOFF\",\"description\":\"\u0130stanbul Off-Road Kul\u00fcb\u00fc\",\"potentialAction\":[{\"@type\":\"SearchAction\",\"target\":{\"@type\":\"EntryPoint\",\"urlTemplate\":\"https:\/\/www.isoff.org.tr\/?s={search_term_string}\"},\"query-input\":\"required name=search_term_string\"}],\"inLanguage\":\"en-US\"},{\"@type\":\"ImageObject\",\"@id\":\"https:\/\/www.isoff.org.tr\/en\/our-events\/#primaryimage\",\"inLanguage\":\"en-US\",\"url\":\"https:\/\/www.isoff.org.tr\/wp-content\/uploads\/2020\/02\/4x4-d\u00fcnyas\u0131-off-road-fest-15-18-haziran-isoff-istanbul-off-road-kul\u00fcb\u00fc.jpg\",\"contentUrl\":\"https:\/\/www.isoff.org.tr\/wp-content\/uploads\/2020\/02\/4x4-d\u00fcnyas\u0131-off-road-fest-15-18-haziran-isoff-istanbul-off-road-kul\u00fcb\u00fc.jpg\",\"width\":900,\"height\":572},{\"@type\":\"WebPage\",\"@id\":\"https:\/\/www.isoff.org.tr\/en\/our-events\/#webpage\",\"url\":\"https:\/\/www.isoff.org.tr\/en\/our-events\/\",\"name\":\"Etkinlikler\",\"isPartOf\":{\"@id\":\"https:\/\/www.isoff.org.tr\/#website\"},\"primaryImageOfPage\":{\"@id\":\"https:\/\/www.isoff.org.tr\/en\/our-events\/#primaryimage\"},\"datePublished\":\"2020-02-06T09:45:11+00:00\",\"dateModified\":\"2020-04-01T12:12:10+00:00\",\"description\":\"\u0130stanbul Off-Road Kul\u00fcb\u00fc'n\u00fcn \u00f6n\u00fcm\u00fczdeki t\u00fcm etkinlik takvimine g\u00f6z at\u0131n. Organizasyon ve etkinliklere kat\u0131l\u0131m ko\u015fullar\u0131n\u0131 inceleyin.\",\"breadcrumb\":{\"@id\":\"https:\/\/www.isoff.org.tr\/en\/our-events\/#breadcrumb\"},\"inLanguage\":\"en-US\",\"potentialAction\":[{\"@type\":\"ReadAction\",\"target\":[\"https:\/\/www.isoff.org.tr\/en\/our-events\/\"]}]},{\"@type\":\"BreadcrumbList\",\"@id\":\"https:\/\/www.isoff.org.tr\/en\/our-events\/#breadcrumb\",\"itemListElement\":[{\"@type\":\"ListItem\",\"position\":1,\"name\":\"Ana sayfa\",\"item\":\"https:\/\/www.isoff.org.tr\/en\/\"},{\"@type\":\"ListItem\",\"position\":2,\"name\":\"Our Events\"}]}]}<\/script>\n<!-- \/ Yoast SEO plugin. -->","yoast_head_json":{"title":"Etkinlikler","description":"\u0130stanbul Off-Road Kul\u00fcb\u00fc'n\u00fcn \u00f6n\u00fcm\u00fczdeki t\u00fcm etkinlik takvimine g\u00f6z at\u0131n. Organizasyon ve etkinliklere kat\u0131l\u0131m ko\u015fullar\u0131n\u0131 inceleyin.","robots":{"index":"index","follow":"follow","max-snippet":"max-snippet:-1","max-image-preview":"max-image-preview:large","max-video-preview":"max-video-preview:-1"},"canonical":"https:\/\/www.isoff.org.tr\/en\/our-events\/","og_locale":"en_US","og_type":"article","og_title":"Etkinlikler","og_description":"\u0130stanbul Off-Road Kul\u00fcb\u00fc'n\u00fcn \u00f6n\u00fcm\u00fczdeki t\u00fcm etkinlik takvimine g\u00f6z at\u0131n. Organizasyon ve etkinliklere kat\u0131l\u0131m ko\u015fullar\u0131n\u0131 inceleyin.","og_url":"https:\/\/www.isoff.org.tr\/en\/our-events\/","og_site_name":"\u0130SOFF","article_modified_time":"2020-04-01T12:12:10+00:00","og_image":[{"url":"https:\/\/www.isoff.org.tr\/wp-content\/uploads\/2020\/02\/4x4-d\u00fcnyas\u0131-off-road-fest-15-18-haziran-isoff-istanbul-off-road-kul\u00fcb\u00fc-620x572.jpg"}],"twitter_card":"summary_large_image","twitter_misc":{"Est. reading time":"2 minutes"},"schema":{"@context":"https:\/\/schema.org","@graph":[{"@type":"WebSite","@id":"https:\/\/www.isoff.org.tr\/#website","url":"https:\/\/www.isoff.org.tr\/","name":"\u0130SOFF","description":"\u0130stanbul Off-Road Kul\u00fcb\u00fc","potentialAction":[{"@type":"SearchAction","target":{"@type":"EntryPoint","urlTemplate":"https:\/\/www.isoff.org.tr\/?s={search_term_string}"},"query-input":"required name=search_term_string"}],"inLanguage":"en-US"},{"@type":"ImageObject","@id":"https:\/\/www.isoff.org.tr\/en\/our-events\/#primaryimage","inLanguage":"en-US","url":"https:\/\/www.isoff.org.tr\/wp-content\/uploads\/2020\/02\/4x4-d\u00fcnyas\u0131-off-road-fest-15-18-haziran-isoff-istanbul-off-road-kul\u00fcb\u00fc.jpg","contentUrl":"https:\/\/www.isoff.org.tr\/wp-content\/uploads\/2020\/02\/4x4-d\u00fcnyas\u0131-off-road-fest-15-18-haziran-isoff-istanbul-off-road-kul\u00fcb\u00fc.jpg","width":900,"height":572},{"@type":"WebPage","@id":"https:\/\/www.isoff.org.tr\/en\/our-events\/#webpage","url":"https:\/\/www.isoff.org.tr\/en\/our-events\/","name":"Etkinlikler","isPartOf":{"@id":"https:\/\/www.isoff.org.tr\/#website"},"primaryImageOfPage":{"@id":"https:\/\/www.isoff.org.tr\/en\/our-events\/#primaryimage"},"datePublished":"2020-02-06T09:45:11+00:00","dateModified":"2020-04-01T12:12:10+00:00","description":"\u0130stanbul Off-Road Kul\u00fcb\u00fc'n\u00fcn \u00f6n\u00fcm\u00fczdeki t\u00fcm etkinlik takvimine g\u00f6z at\u0131n. Organizasyon ve etkinliklere kat\u0131l\u0131m ko\u015fullar\u0131n\u0131 inceleyin.","breadcrumb":{"@id":"https:\/\/www.isoff.org.tr\/en\/our-events\/#breadcrumb"},"inLanguage":"en-US","potentialAction":[{"@type":"ReadAction","target":["https:\/\/www.isoff.org.tr\/en\/our-events\/"]}]},{"@type":"BreadcrumbList","@id":"https:\/\/www.isoff.org.tr\/en\/our-events\/#breadcrumb","itemListElement":[{"@type":"ListItem","position":1,"name":"Ana sayfa","item":"https:\/\/www.isoff.org.tr\/en\/"},{"@type":"ListItem","position":2,"name":"Our Events"}]}]}},"_links":{"self":[{"href":"https:\/\/www.isoff.org.tr\/en\/wp-json\/wp\/v2\/pages\/9150"}],"collection":[{"href":"https:\/\/www.isoff.org.tr\/en\/wp-json\/wp\/v2\/pages"}],"about":[{"href":"https:\/\/www.isoff.org.tr\/en\/wp-json\/wp\/v2\/types\/page"}],"author":[{"embeddable":true,"href":"https:\/\/www.isoff.org.tr\/en\/wp-json\/wp\/v2\/users\/1"}],"replies":[{"embeddable":true,"href":"https:\/\/www.isoff.org.tr\/en\/wp-json\/wp\/v2\/comments?post=9150"}],"version-history":[{"count":1,"href":"https:\/\/www.isoff.org.tr\/en\/wp-json\/wp\/v2\/pages\/9150\/revisions"}],"predecessor-version":[{"id":9151,"href":"https:\/\/www.isoff.org.tr\/en\/wp-json\/wp\/v2\/pages\/9150\/revisions\/9151"}],"wp:attachment":[{"href":"https:\/\/www.isoff.org.tr\/en\/wp-json\/wp\/v2\/media?parent=9150"}],"curies":[{"name":"wp","href":"https:\/\/api.w.org\/{rel}","templated":true}]}}